{"id":414,"date":"2018-02-23T11:34:36","date_gmt":"2018-02-23T10:34:36","guid":{"rendered":"https:\/\/argentum-vivum-solutions.com\/impressum\/"},"modified":"2024-07-16T09:40:24","modified_gmt":"2024-07-16T07:40:24","slug":"pie-de-imprenta","status":"publish","type":"page","link":"https:\/\/argentum-vivum-solutions.com\/es\/pie-de-imprenta\/","title":{"rendered":"Pie de imprenta"},"content":{"rendered":"<div   class='avia-fullscreen-slider main_color   avia-builder-el-0  el_before_av_section  avia-builder-el-first  container_wrap sidebar_right'  ><a href='#next-section' title='' class='scroll-down-link av-control-default avia-svg-icon avia-font-svg_entypo-fontello' data-av_svg_icon='down-open-mini' data-av_iconset='svg_entypo-fontello'><svg version=\"1.1\" xmlns=\"http:\/\/www.w3.org\/2000\/svg\" width=\"15\" height=\"32\" viewBox=\"0 0 15 32\" preserveAspectRatio=\"xMidYMid meet\" aria-labelledby='av-svg-title-1' aria-describedby='av-svg-desc-1' role=\"graphics-symbol\" aria-hidden=\"true\">\n<title id='av-svg-title-1'>Scroll to next section<\/title>\n<desc id='av-svg-desc-1'>Scroll to next section<\/desc>\n<path d=\"M12.96 12.16q0.704-0.832 1.536 0 0.832 0.704 0 1.536l-6.272 6.144q-0.704 0.704-1.536 0l-6.272-6.144q-0.832-0.832 0-1.536 0.768-0.768 1.6 0l5.44 4.992z\"><\/path>\n<\/svg><\/a><div  class='avia-slideshow av-4pbr2u-bb04bb26c3f8b85749e44eef67a29378 avia-slideshow-extra_large av_fullscreen avia-slide-slider av-slideshow-ui av-control-default av-slideshow-manual av-loop-once av-loop-manual-endless av-slider-scroll-down-active av-default-height-applied   avia-slideshow-1' data-slideshow-options=\"{&quot;animation&quot;:&quot;slide&quot;,&quot;autoplay&quot;:false,&quot;loop_autoplay&quot;:&quot;once&quot;,&quot;interval&quot;:5,&quot;loop_manual&quot;:&quot;manual-endless&quot;,&quot;autoplay_stopper&quot;:false,&quot;noNavigation&quot;:false,&quot;bg_slider&quot;:true,&quot;keep_padding&quot;:false,&quot;hoverpause&quot;:false,&quot;show_slide_delay&quot;:0,&quot;slide_height&quot;:&quot;100&quot;,&quot;image_attachment&quot;:&quot;&quot;}\"  itemprop=\"image\" itemscope=\"itemscope\" itemtype=\"https:\/\/schema.org\/ImageObject\" ><ul class='avia-slideshow-inner ' style='padding-bottom: 56.266666666667%;'><li style='background-position:center center;' data-img-url='https:\/\/argentum-vivum-solutions.com\/wp-content\/uploads\/2018\/02\/argentum-vivum-solutions-imprint-1500x844.jpg' class='avia-slideshow-slide av-4pbr2u-bb04bb26c3f8b85749e44eef67a29378__0  av-single-slide slide-1 slide-odd'><div data-rel='slideshow-1' class='avia-slide-wrap '   ><\/div><\/li><\/ul><\/div><\/div>\n<div id='av_section_1'  class='avia-section av-4gpl6m-d5998bfe8eb5ed372527ed7e4e205f83 main_color avia-section-huge avia-no-border-styling  avia-builder-el-1  el_after_av_fullscreen  el_before_av_section  avia-bg-style-scroll container_wrap sidebar_right'  ><div class='container av-section-cont-open' ><div class='template-page content  av-content-small alpha units'><div class='post-entry post-entry-type-page post-entry-414'><div class='entry-content-wrapper clearfix'>\n\n<style type=\"text\/css\" data-created_by=\"avia_inline_auto\" id=\"style-css-av-f8ut2-dc0df3534e136698261f76f4704c2d27\">\n.flex_column.av-f8ut2-dc0df3534e136698261f76f4704c2d27{\nborder-radius:0px 0px 0px 0px;\npadding:0px 0px 0px 0px;\n}\n<\/style>\n<div  class='flex_column av-f8ut2-dc0df3534e136698261f76f4704c2d27 av_one_fourth  avia-builder-el-2  el_before_av_one_half  avia-builder-el-first  first flex_column_div av-zero-column-padding  '     ><\/div>\n<style type=\"text\/css\" data-created_by=\"avia_inline_auto\" id=\"style-css-av-3zrfwm-bf1738215702707ed495ff6814844d86\">\n.flex_column.av-3zrfwm-bf1738215702707ed495ff6814844d86{\nborder-radius:0px 0px 0px 0px;\npadding:0px 0px 0px 0px;\n}\n<\/style>\n<div  class='flex_column av-3zrfwm-bf1738215702707ed495ff6814844d86 av_one_half  avia-builder-el-3  el_after_av_one_fourth  el_before_av_one_fourth  flex_column_div av-animated-generic pop-up av-zero-column-padding  '     ><style type=\"text\/css\" data-created_by=\"avia_inline_auto\" id=\"style-css-av-jlf91yd2-f3c23d369dc66ace1c24144ab4465f41\">\n#top .av-special-heading.av-jlf91yd2-f3c23d369dc66ace1c24144ab4465f41{\npadding-bottom:10px;\n}\nbody .av-special-heading.av-jlf91yd2-f3c23d369dc66ace1c24144ab4465f41 .av-special-heading-tag .heading-char{\nfont-size:25px;\n}\n.av-special-heading.av-jlf91yd2-f3c23d369dc66ace1c24144ab4465f41 .av-subheading{\nfont-size:15px;\n}\n<\/style>\n<div  class='av-special-heading av-jlf91yd2-f3c23d369dc66ace1c24144ab4465f41 av-special-heading-h1 blockquote modern-quote modern-centered  avia-builder-el-4  avia-builder-el-no-sibling  av-thin-font'><h1 class='av-special-heading-tag '  itemprop=\"headline\"  >Resumen de <strong>informaciones importantes:<\/strong> <\/h1><div class=\"special-heading-border\"><div class=\"special-heading-inner-border\"><\/div><\/div><\/div><\/div>\n<style type=\"text\/css\" data-created_by=\"avia_inline_auto\" id=\"style-css-av-3v6q4e-fef5c113bed86b2c3a1f2daf72ede074\">\n.flex_column.av-3v6q4e-fef5c113bed86b2c3a1f2daf72ede074{\nborder-radius:0px 0px 0px 0px;\npadding:0px 0px 0px 0px;\n}\n<\/style>\n<div  class='flex_column av-3v6q4e-fef5c113bed86b2c3a1f2daf72ede074 av_one_fourth  avia-builder-el-5  el_after_av_one_half  el_before_av_hr  flex_column_div av-zero-column-padding  '     ><\/div>\n<style type=\"text\/css\" data-created_by=\"avia_inline_auto\" id=\"style-css-av-3qndpy-1089045a76481c7266b9ee10aceaf071\">\n#top .hr.av-3qndpy-1089045a76481c7266b9ee10aceaf071{\nmargin-top:30px;\nmargin-bottom:30px;\n}\n.hr.av-3qndpy-1089045a76481c7266b9ee10aceaf071 .hr-inner{\nwidth:120px;\n}\n<\/style>\n<div  class='hr av-3qndpy-1089045a76481c7266b9ee10aceaf071 hr-custom  avia-builder-el-6  el_after_av_one_fourth  el_before_av_one_full  hr-center hr-icon-no'><span class='hr-inner inner-border-av-border-thin'><span class=\"hr-inner-style\"><\/span><\/span><\/div>\n\n<style type=\"text\/css\" data-created_by=\"avia_inline_auto\" id=\"style-css-av-crl2m-9729188931ad00b1830e6cde0184fe0d\">\n.flex_column.av-crl2m-9729188931ad00b1830e6cde0184fe0d{\nborder-radius:0px 0px 0px 0px;\npadding:0px 0px 0px 0px;\n}\n<\/style>\n<div  class='flex_column av-crl2m-9729188931ad00b1830e6cde0184fe0d av_one_full  avia-builder-el-7  el_after_av_hr  el_before_av_hr  first flex_column_div av-zero-column-padding  '     ><section  class='av_textblock_section av-3fltzq-5ba629240dda6b93724da124e1e2502f '   itemscope=\"itemscope\" itemtype=\"https:\/\/schema.org\/CreativeWork\" ><div class='avia_textblock'  itemprop=\"text\" ><h1>Pie de Imprenta<\/h1>\n<\/div><\/section><\/div>\n<style type=\"text\/css\" data-created_by=\"avia_inline_auto\" id=\"style-css-av-397p9q-35cb94fe4361d86aac55760612d6dab0\">\n#top .hr.hr-invisible.av-397p9q-35cb94fe4361d86aac55760612d6dab0{\nheight:50px;\n}\n<\/style>\n<div  class='hr av-397p9q-35cb94fe4361d86aac55760612d6dab0 hr-invisible  avia-builder-el-9  el_after_av_one_full  el_before_av_one_half '><span class='hr-inner '><span class=\"hr-inner-style\"><\/span><\/span><\/div>\n\n<style type=\"text\/css\" data-created_by=\"avia_inline_auto\" id=\"style-css-av-32o0pa-d27bc4c417475d51310a35e9d9ed1f5b\">\n.flex_column.av-32o0pa-d27bc4c417475d51310a35e9d9ed1f5b{\nborder-radius:0px 0px 0px 0px;\npadding:0px 0px 0px 0px;\n}\n<\/style>\n<div  class='flex_column av-32o0pa-d27bc4c417475d51310a35e9d9ed1f5b av_one_half  avia-builder-el-10  el_after_av_hr  el_before_av_one_half  first flex_column_div av-animated-generic bottom-to-top av-zero-column-padding  '     ><style type=\"text\/css\" data-created_by=\"avia_inline_auto\" id=\"style-css-av-2yi7ye-57d88e70f28653e7b1a815e7d526d94a\">\n#top .av_textblock_section.av-2yi7ye-57d88e70f28653e7b1a815e7d526d94a .avia_textblock{\nfont-size:18px;\n}\n<\/style>\n<section  class='av_textblock_section av-2yi7ye-57d88e70f28653e7b1a815e7d526d94a '   itemscope=\"itemscope\" itemtype=\"https:\/\/schema.org\/CreativeWork\" ><div class='avia_textblock'  itemprop=\"text\" ><p>AVS GmbH<br \/>\nAirport Center (Haus C)<br \/>\nFlughafenstrasse 52a<br \/>\nD- 22335 Hamburg<\/p>\n<p>Phone: +49 (0) 40-532 99 180<br \/>\nMail: info@argentum-vivum-solutions.com<br \/>\nWeb: www.argentum-vivum-solutions.com<\/p>\n<\/div><\/section><\/div>\n<style type=\"text\/css\" data-created_by=\"avia_inline_auto\" id=\"style-css-av-2spham-3c567620faa3ac2116b9b9d49566cce0\">\n.flex_column.av-2spham-3c567620faa3ac2116b9b9d49566cce0{\nborder-radius:0px 0px 0px 0px;\npadding:0px 0px 0px 0px;\n}\n<\/style>\n<div  class='flex_column av-2spham-3c567620faa3ac2116b9b9d49566cce0 av_one_half  avia-builder-el-12  el_after_av_one_half  avia-builder-el-last  flex_column_div av-animated-generic bottom-to-top av-zero-column-padding  '     ><style type=\"text\/css\" data-created_by=\"avia_inline_auto\" id=\"style-css-av-2i2aji-35c8bde56347fe15ed92b7949a087251\">\n#top .av_textblock_section.av-2i2aji-35c8bde56347fe15ed92b7949a087251 .avia_textblock{\nfont-size:18px;\n}\n<\/style>\n<section  class='av_textblock_section av-2i2aji-35c8bde56347fe15ed92b7949a087251 '   itemscope=\"itemscope\" itemtype=\"https:\/\/schema.org\/CreativeWork\" ><div class='avia_textblock'  itemprop=\"text\" ><p>Representado por el gerente Michael Franck<\/p>\n<p>Entrada del registro: Amtsgericht Hamburg, HRB 150635<\/p>\n<p>N\u00famero de identificaci\u00f3n fiscal: DE 814 947 819<\/p>\n<\/div><\/section><\/div>\n\n<\/div><\/div><\/div><!-- close content main div --><\/div><\/div><div id='av_section_2'  class='avia-section av-2gq726-354075f31a28021500a87ddd282cb69d main_color avia-section-small avia-no-border-styling  avia-builder-el-14  el_after_av_section  avia-builder-el-last  avia-bg-style-scroll container_wrap sidebar_right'  ><div class='container av-section-cont-open' ><div class='template-page content  av-content-small alpha units'><div class='post-entry post-entry-type-page post-entry-414'><div class='entry-content-wrapper clearfix'>\n\n<style type=\"text\/css\" data-created_by=\"avia_inline_auto\" id=\"style-css-av-29xyme-f56dd182be7bd242faf259e62246881a\">\n.flex_column.av-29xyme-f56dd182be7bd242faf259e62246881a{\nborder-radius:0px 0px 0px 0px;\npadding:0px 0px 0px 0px;\n}\n<\/style>\n<div  class='flex_column av-29xyme-f56dd182be7bd242faf259e62246881a av_one_full  avia-builder-el-15  el_before_av_one_full  avia-builder-el-first  first flex_column_div av-zero-column-padding  '     ><section  class='av_textblock_section av-24pjfy-867c406d1c8935cfa5edfff77e1bf07c '   itemscope=\"itemscope\" itemtype=\"https:\/\/schema.org\/CreativeWork\" ><div class='avia_textblock'  itemprop=\"text\" ><h2>Avisos legales<\/h2>\n<\/div><\/section><\/div>\n<style type=\"text\/css\" data-created_by=\"avia_inline_auto\" id=\"style-css-av-1wttpi-b27efb36d0ca4c89f5f632e85c95f668\">\n.flex_column.av-1wttpi-b27efb36d0ca4c89f5f632e85c95f668{\nborder-radius:0px 0px 0px 0px;\npadding:0px 0px 0px 0px;\n}\n<\/style>\n<div  class='flex_column av-1wttpi-b27efb36d0ca4c89f5f632e85c95f668 av_one_full  avia-builder-el-17  el_after_av_one_full  el_before_av_hr  first flex_column_div av-animated-generic bottom-to-top av-zero-column-padding  column-top-margin'     ><p>\n<style type=\"text\/css\" data-created_by=\"avia_inline_auto\" id=\"style-css-av-1jt9ni-755be33142a69227208ab74be62c3398\">\n#top .hr.hr-invisible.av-1jt9ni-755be33142a69227208ab74be62c3398{\nheight:20px;\n}\n<\/style>\n<div  class='hr av-1jt9ni-755be33142a69227208ab74be62c3398 hr-invisible  avia-builder-el-18  el_before_av_hr  avia-builder-el-first '><span class='hr-inner '><span class=\"hr-inner-style\"><\/span><\/span><\/div><br \/>\n\n<style type=\"text\/css\" data-created_by=\"avia_inline_auto\" id=\"style-css-av-1a9na6-f5f013991a11fec62c31213cd7da42dd\">\n#top .hr.hr-invisible.av-1a9na6-f5f013991a11fec62c31213cd7da42dd{\nheight:20px;\n}\n<\/style>\n<div  class='hr av-1a9na6-f5f013991a11fec62c31213cd7da42dd hr-invisible  avia-builder-el-19  el_after_av_hr  el_before_av_textblock '><span class='hr-inner '><span class=\"hr-inner-style\"><\/span><\/span><\/div><br \/>\n<section  class='av_textblock_section av-13botq-3694a7daf0e1bc288fc715a1e92cfc40 '   itemscope=\"itemscope\" itemtype=\"https:\/\/schema.org\/CreativeWork\" ><div class='avia_textblock'  itemprop=\"text\" ><p><strong>1. Derechos de Propiedad intelectual \/ Derechos de autor\u00a0\u00a0 <\/strong><br \/>\nLos contenidos, obras e informaciones puestas a disposici\u00f3n en esta p\u00e1gina web est\u00e1n sujetos a las leyes alemanas sobre la propiedad intelectual y los derechos de autor. Todo tipo de reproducci\u00f3n, procesamiento, distribuci\u00f3n, almacenamiento y procesamiento m\u00e1s all\u00e1 de los l\u00edmites del derecho de autor requieren de la autorizaci\u00f3n escrita previa del respectivo propietario de los derechos. La copia \/ el almacenamiento no autorizado de la informaci\u00f3n provista en este sitio web est\u00e1 prohibido y puede ser perseguido por la ley.<\/p>\n<\/div><\/section><br \/>\n\n<style type=\"text\/css\" data-created_by=\"avia_inline_auto\" id=\"style-css-av-wriie-ab7f88f58ceb49cb6fde476c90648d1f\">\n#top .hr.hr-invisible.av-wriie-ab7f88f58ceb49cb6fde476c90648d1f{\nheight:20px;\n}\n<\/style>\n<div  class='hr av-wriie-ab7f88f58ceb49cb6fde476c90648d1f hr-invisible  avia-builder-el-21  el_after_av_textblock  el_before_av_textblock '><span class='hr-inner '><span class=\"hr-inner-style\"><\/span><\/span><\/div><br \/>\n<section  class='av_textblock_section av-ozt2e-f9ec7d1ed5ebd9689fc520a7713621a0 '   itemscope=\"itemscope\" itemtype=\"https:\/\/schema.org\/CreativeWork\" ><div class='avia_textblock'  itemprop=\"text\" ><p><strong>2. Protecci\u00f3n de datos<\/strong><\/p>\n<p>Visitar este sitio de Internet puede causar el almacenamiento de datos (fecha, hora, p\u00e1gina accedida) en el \u00a0servidor. No se archivar\u00e1n datos relacionados con \u00a0la persona (p. ej. nombre, direcci\u00f3n o direcci\u00f3n de email).<\/p>\n<p>En caso de registrar datos relacionados con \u00a0personas, esto se realizar\u00e1 s\u00f3lo con la autorizaci\u00f3n previa del usuario de la p\u00e1gina web. No se entregar\u00e1n los datos a terceros sin la autorizaci\u00f3n respectiva del usuario.<\/p>\n<p>El administrador de la p\u00e1gina indica que la transmisi\u00f3n de los datos en internet (p.ej. por email) puede tener lagunas de seguridad y que no se puede garantizar una protecci\u00f3n completa de los datos contra el acceso de terceros. El administrador de la p\u00e1gina no asume ninguna responsabilidad por posibles da\u00f1os causados por este tipo de lagunas de seguridad.<\/p>\n<p>Se proh\u00edbe terminantemente el uso comercial de los datos de contacto por terceros. A no ser que el administrador haya otorgado previamente su autorizaci\u00f3n por escrito.<br \/>\nEl administrador se reserva el derecho de tomar medidas legales para el caso de env\u00edo no solicitado de informaciones comerciales, p.ej. mediante correos basura.<\/p>\n<\/div><\/section><br \/>\n\n<style type=\"text\/css\" data-created_by=\"avia_inline_auto\" id=\"style-css-av-n4pxy-4472f808c509b079dde26bb320f2fd46\">\n#top .hr.hr-invisible.av-n4pxy-4472f808c509b079dde26bb320f2fd46{\nheight:20px;\n}\n<\/style>\n<div  class='hr av-n4pxy-4472f808c509b079dde26bb320f2fd46 hr-invisible  avia-builder-el-23  el_after_av_textblock  el_before_av_textblock '><span class='hr-inner '><span class=\"hr-inner-style\"><\/span><\/span><\/div><br \/>\n<section  class='av_textblock_section av-e94ji-ad7ad2d02e98142278c26be10324069b '   itemscope=\"itemscope\" itemtype=\"https:\/\/schema.org\/CreativeWork\" ><div class='avia_textblock'  itemprop=\"text\" ><p><strong>Fuentes para fotos<\/strong><br \/>\n\u00a9 Marco2811 \u2013 stock.adobe.com<br \/>\n\u00a9 elxeneize \u2013 stock.adobe.com<br \/>\n\u00a9 assetseller \u2013 stock.adobe.com<br \/>\n\u00a9 slasnyi \u2013 stock.adobe.com<br \/>\n\u00a9 concept w \u2013 stock.adobe.com<br \/>\n\u00a9 AlexeyVS \u2013 iStock.com<\/p>\n<\/div><\/section><\/p><\/div>\n<style type=\"text\/css\" data-created_by=\"avia_inline_auto\" id=\"style-css-av-b3cv2-235c596eed0b3873ff3e15b3135ca15b\">\n#top .hr.hr-invisible.av-b3cv2-235c596eed0b3873ff3e15b3135ca15b{\nheight:100px;\n}\n<\/style>\n<div  class='hr av-b3cv2-235c596eed0b3873ff3e15b3135ca15b hr-invisible  avia-builder-el-25  el_after_av_one_full  avia-builder-el-last '><span class='hr-inner '><span class=\"hr-inner-style\"><\/span><\/span><\/div>\n<\/div><\/div><\/div><!-- close content main div --><\/div><\/div><div id='after_section_2'  class='main_color av_default_container_wrap container_wrap sidebar_right'  ><div class='container av-section-cont-open' ><div class='template-page content  av-content-small alpha units'><div class='post-entry post-entry-type-page post-entry-414'><div class='entry-content-wrapper clearfix'>\n","protected":false},"excerpt":{"rendered":"","protected":false},"author":1,"featured_media":0,"parent":0,"menu_order":80,"comment_status":"closed","ping_status":"closed","template":"","meta":{"footnotes":""},"class_list":["post-414","page","type-page","status-publish","hentry"],"_links":{"self":[{"href":"https:\/\/argentum-vivum-solutions.com\/es\/wp-json\/wp\/v2\/pages\/414","targetHints":{"allow":["GET"]}}],"collection":[{"href":"https:\/\/argentum-vivum-solutions.com\/es\/wp-json\/wp\/v2\/pages"}],"about":[{"href":"https:\/\/argentum-vivum-solutions.com\/es\/wp-json\/wp\/v2\/types\/page"}],"author":[{"embeddable":true,"href":"https:\/\/argentum-vivum-solutions.com\/es\/wp-json\/wp\/v2\/users\/1"}],"replies":[{"embeddable":true,"href":"https:\/\/argentum-vivum-solutions.com\/es\/wp-json\/wp\/v2\/comments?post=414"}],"version-history":[{"count":10,"href":"https:\/\/argentum-vivum-solutions.com\/es\/wp-json\/wp\/v2\/pages\/414\/revisions"}],"predecessor-version":[{"id":1443,"href":"https:\/\/argentum-vivum-solutions.com\/es\/wp-json\/wp\/v2\/pages\/414\/revisions\/1443"}],"wp:attachment":[{"href":"https:\/\/argentum-vivum-solutions.com\/es\/wp-json\/wp\/v2\/media?parent=414"}],"curies":[{"name":"wp","href":"https:\/\/api.w.org\/{rel}","templated":true}]}}