{"id":352,"date":"2018-02-23T11:34:36","date_gmt":"2018-02-23T10:34:36","guid":{"rendered":"http:\/\/argentum-vivum-solutions.com\/impressum\/"},"modified":"2018-08-29T14:02:13","modified_gmt":"2018-08-29T12:02:13","slug":"mentions-legales","status":"publish","type":"page","link":"https:\/\/argentum-vivum-solutions.com\/fr\/mentions-legales\/","title":{"rendered":"Mentions l\u00e9gales"},"content":{"rendered":"<div   class='avia-fullscreen-slider main_color   avia-builder-el-0  el_before_av_section  avia-builder-el-first  container_wrap sidebar_right'  ><a href='#next-section' title='' class='scroll-down-link av-control-default avia-svg-icon avia-font-svg_entypo-fontello' data-av_svg_icon='down-open-mini' data-av_iconset='svg_entypo-fontello'><svg version=\"1.1\" xmlns=\"http:\/\/www.w3.org\/2000\/svg\" width=\"15\" height=\"32\" viewBox=\"0 0 15 32\" preserveAspectRatio=\"xMidYMid meet\" aria-labelledby='av-svg-title-1' aria-describedby='av-svg-desc-1' role=\"graphics-symbol\" aria-hidden=\"true\">\n<title id='av-svg-title-1'>Scroller vers la prochaine section<\/title>\n<desc id='av-svg-desc-1'>Scroller vers la prochaine section<\/desc>\n<path d=\"M12.96 12.16q0.704-0.832 1.536 0 0.832 0.704 0 1.536l-6.272 6.144q-0.704 0.704-1.536 0l-6.272-6.144q-0.832-0.832 0-1.536 0.768-0.768 1.6 0l5.44 4.992z\"><\/path>\n<\/svg><\/a><div  class='avia-slideshow av-av_fullscreen-9de319514b7c9bb40f7d0ef9b2fcc3b6 avia-slideshow-extra_large av_fullscreen avia-slide-slider av-slideshow-ui av-control-default av-slideshow-manual av-loop-once av-loop-manual-endless av-slider-scroll-down-active av-default-height-applied   avia-slideshow-1' data-slideshow-options=\"{&quot;animation&quot;:&quot;slide&quot;,&quot;autoplay&quot;:false,&quot;loop_autoplay&quot;:&quot;once&quot;,&quot;interval&quot;:5,&quot;loop_manual&quot;:&quot;manual-endless&quot;,&quot;autoplay_stopper&quot;:false,&quot;noNavigation&quot;:false,&quot;bg_slider&quot;:true,&quot;keep_padding&quot;:false,&quot;hoverpause&quot;:false,&quot;show_slide_delay&quot;:0,&quot;slide_height&quot;:&quot;100&quot;,&quot;image_attachment&quot;:&quot;&quot;}\"  itemprop=\"image\" itemscope=\"itemscope\" itemtype=\"https:\/\/schema.org\/ImageObject\" ><ul class='avia-slideshow-inner ' style='padding-bottom: 56.266666666667%;'><li style='background-position:center center;' data-img-url='https:\/\/argentum-vivum-solutions.com\/wp-content\/uploads\/2018\/02\/argentum-vivum-solutions-imprint-1500x844.jpg' class='avia-slideshow-slide av-av_fullscreen-9de319514b7c9bb40f7d0ef9b2fcc3b6__0  av-single-slide slide-1 slide-odd'><div data-rel='slideshow-1' class='avia-slide-wrap '   ><\/div><\/li><\/ul><\/div><\/div>\n<div id='av_section_1'  class='avia-section av-av_section-22959a1db1e590e4999db963e93f245c main_color avia-section-huge avia-no-border-styling  avia-builder-el-1  el_after_av_fullscreen  el_before_av_section  avia-bg-style-scroll container_wrap sidebar_right'  ><div class='container av-section-cont-open' ><div class='template-page content  av-content-small alpha units'><div class='post-entry post-entry-type-page post-entry-352'><div class='entry-content-wrapper clearfix'>\n\n<style type=\"text\/css\" data-created_by=\"avia_inline_auto\" id=\"style-css-av-av_one_fourth-15d750bd1b332b34c6e70b077ebbccdf\">\n.flex_column.av-av_one_fourth-15d750bd1b332b34c6e70b077ebbccdf{\nborder-radius:0px 0px 0px 0px;\npadding:0px 0px 0px 0px;\n}\n<\/style>\n<div  class='flex_column av-av_one_fourth-15d750bd1b332b34c6e70b077ebbccdf av_one_fourth  avia-builder-el-2  el_before_av_one_half  avia-builder-el-first  first flex_column_div av-zero-column-padding  '     ><\/div>\n<style type=\"text\/css\" data-created_by=\"avia_inline_auto\" id=\"style-css-av-av_one_half-d44619911ae79860cf32ccf16c37bd60\">\n.flex_column.av-av_one_half-d44619911ae79860cf32ccf16c37bd60{\nborder-radius:0px 0px 0px 0px;\npadding:0px 0px 0px 0px;\n}\n<\/style>\n<div  class='flex_column av-av_one_half-d44619911ae79860cf32ccf16c37bd60 av_one_half  avia-builder-el-3  el_after_av_one_fourth  el_before_av_one_fourth  flex_column_div av-animated-generic pop-up av-zero-column-padding  '     ><style type=\"text\/css\" data-created_by=\"avia_inline_auto\" id=\"style-css-av-jlf3bffm-f0c6f0f9669cdf0dd7380cf03785ecfa\">\n#top .av-special-heading.av-jlf3bffm-f0c6f0f9669cdf0dd7380cf03785ecfa{\npadding-bottom:10px;\n}\nbody .av-special-heading.av-jlf3bffm-f0c6f0f9669cdf0dd7380cf03785ecfa .av-special-heading-tag .heading-char{\nfont-size:25px;\n}\n.av-special-heading.av-jlf3bffm-f0c6f0f9669cdf0dd7380cf03785ecfa .av-subheading{\nfont-size:15px;\n}\n<\/style>\n<div  class='av-special-heading av-jlf3bffm-f0c6f0f9669cdf0dd7380cf03785ecfa av-special-heading-h1 blockquote modern-quote modern-centered  avia-builder-el-4  avia-builder-el-no-sibling  av-thin-font'><h1 class='av-special-heading-tag '  itemprop=\"headline\"  >Des <strong>informations importantes <\/strong> \u00e0 un coup d\u2019\u0153il:<\/h1><div class=\"special-heading-border\"><div class=\"special-heading-inner-border\"><\/div><\/div><\/div><\/div>\n<style type=\"text\/css\" data-created_by=\"avia_inline_auto\" id=\"style-css-av-av_one_fourth-c8fc129dc35fd1ae2a1e410224d39ea8\">\n.flex_column.av-av_one_fourth-c8fc129dc35fd1ae2a1e410224d39ea8{\nborder-radius:0px 0px 0px 0px;\npadding:0px 0px 0px 0px;\n}\n<\/style>\n<div  class='flex_column av-av_one_fourth-c8fc129dc35fd1ae2a1e410224d39ea8 av_one_fourth  avia-builder-el-5  el_after_av_one_half  el_before_av_hr  flex_column_div av-zero-column-padding  '     ><\/div>\n<style type=\"text\/css\" data-created_by=\"avia_inline_auto\" id=\"style-css-av-av_hr-c762e75d5155fb180cebf2ad8152405d\">\n#top .hr.av-av_hr-c762e75d5155fb180cebf2ad8152405d{\nmargin-top:30px;\nmargin-bottom:30px;\n}\n.hr.av-av_hr-c762e75d5155fb180cebf2ad8152405d .hr-inner{\nwidth:120px;\n}\n<\/style>\n<div  class='hr av-av_hr-c762e75d5155fb180cebf2ad8152405d hr-custom  avia-builder-el-6  el_after_av_one_fourth  el_before_av_one_full  hr-center hr-icon-no'><span class='hr-inner inner-border-av-border-thin'><span class=\"hr-inner-style\"><\/span><\/span><\/div>\n\n<style type=\"text\/css\" data-created_by=\"avia_inline_auto\" id=\"style-css-av-av_one_full-15d750bd1b332b34c6e70b077ebbccdf\">\n.flex_column.av-av_one_full-15d750bd1b332b34c6e70b077ebbccdf{\nborder-radius:0px 0px 0px 0px;\npadding:0px 0px 0px 0px;\n}\n<\/style>\n<div  class='flex_column av-av_one_full-15d750bd1b332b34c6e70b077ebbccdf av_one_full  avia-builder-el-7  el_after_av_hr  el_before_av_hr  first flex_column_div av-zero-column-padding  '     ><section  class='av_textblock_section av-av_textblock-2bd894dbf2e4bf2c4acf98ce4fbf94aa '   itemscope=\"itemscope\" itemtype=\"https:\/\/schema.org\/CreativeWork\" ><div class='avia_textblock'  itemprop=\"text\" ><h1>Mentions l\u00e9gales<\/h1>\n<\/div><\/section><\/div>\n<style type=\"text\/css\" data-created_by=\"avia_inline_auto\" id=\"style-css-av-av_hr-e686c18ebf9841d5c01130be193c53c7\">\n#top .hr.hr-invisible.av-av_hr-e686c18ebf9841d5c01130be193c53c7{\nheight:50px;\n}\n<\/style>\n<div  class='hr av-av_hr-e686c18ebf9841d5c01130be193c53c7 hr-invisible  avia-builder-el-9  el_after_av_one_full  el_before_av_one_half '><span class='hr-inner '><span class=\"hr-inner-style\"><\/span><\/span><\/div>\n\n<style type=\"text\/css\" data-created_by=\"avia_inline_auto\" id=\"style-css-av-av_one_half-f72e7ad6b64d2d9bf1d798755ec1ce61\">\n.flex_column.av-av_one_half-f72e7ad6b64d2d9bf1d798755ec1ce61{\nborder-radius:0px 0px 0px 0px;\npadding:0px 0px 0px 0px;\n}\n<\/style>\n<div  class='flex_column av-av_one_half-f72e7ad6b64d2d9bf1d798755ec1ce61 av_one_half  avia-builder-el-10  el_after_av_hr  el_before_av_one_half  first flex_column_div av-animated-generic bottom-to-top av-zero-column-padding  '     ><style type=\"text\/css\" data-created_by=\"avia_inline_auto\" id=\"style-css-av-av_textblock-45e5de1e13c269a5c6bd3aa0654d2677\">\n#top .av_textblock_section.av-av_textblock-45e5de1e13c269a5c6bd3aa0654d2677 .avia_textblock{\nfont-size:18px;\n}\n<\/style>\n<section  class='av_textblock_section av-av_textblock-45e5de1e13c269a5c6bd3aa0654d2677 '   itemscope=\"itemscope\" itemtype=\"https:\/\/schema.org\/CreativeWork\" ><div class='avia_textblock'  itemprop=\"text\" ><p>AVS GmbH<br \/>\nAirport Center (Haus C)<br \/>\nFlughafenstrasse 52a<br \/>\nD- 22335 Hamburg<\/p>\n<p>Phone: +49 (0) 40-532 99 180<br \/>\nMail: info@argentum-vivum-solutions.com<br \/>\nWeb: www.argentum-vivum-solutions.com<\/p>\n<\/div><\/section><\/div>\n<style type=\"text\/css\" data-created_by=\"avia_inline_auto\" id=\"style-css-av-av_one_half-8e68d8f27afa3b61f52d4b37ac580f0b\">\n.flex_column.av-av_one_half-8e68d8f27afa3b61f52d4b37ac580f0b{\nborder-radius:0px 0px 0px 0px;\npadding:0px 0px 0px 0px;\n}\n<\/style>\n<div  class='flex_column av-av_one_half-8e68d8f27afa3b61f52d4b37ac580f0b av_one_half  avia-builder-el-12  el_after_av_one_half  avia-builder-el-last  flex_column_div av-animated-generic bottom-to-top av-zero-column-padding  '     ><style type=\"text\/css\" data-created_by=\"avia_inline_auto\" id=\"style-css-av-av_textblock-45e5de1e13c269a5c6bd3aa0654d2677\">\n#top .av_textblock_section.av-av_textblock-45e5de1e13c269a5c6bd3aa0654d2677 .avia_textblock{\nfont-size:18px;\n}\n<\/style>\n<section  class='av_textblock_section av-av_textblock-45e5de1e13c269a5c6bd3aa0654d2677 '   itemscope=\"itemscope\" itemtype=\"https:\/\/schema.org\/CreativeWork\" ><div class='avia_textblock'  itemprop=\"text\" ><p>Repr\u00e9sent\u00e9 par le g\u00e9rant Michael Franck<\/p>\n<p>Inscription au Tribunal de Commerce: Amtsgericht Hamburg, HRB 150635<\/p>\n<p>N\u00b0 de TVA intracommunautaire: DE 814 947 819<\/p>\n<\/div><\/section><\/div><\/div><\/div><\/div><!-- close content main div --><\/div><\/div><div id='av_section_2'  class='avia-section av-av_section-11ed547d5d88055f027dcd60cf0811ac main_color avia-section-small avia-no-border-styling  avia-builder-el-14  el_after_av_section  avia-builder-el-last  avia-bg-style-scroll container_wrap sidebar_right'  ><div class='container av-section-cont-open' ><div class='template-page content  av-content-small alpha units'><div class='post-entry post-entry-type-page post-entry-352'><div class='entry-content-wrapper clearfix'>\n\n<style type=\"text\/css\" data-created_by=\"avia_inline_auto\" id=\"style-css-av-av_one_full-15d750bd1b332b34c6e70b077ebbccdf\">\n.flex_column.av-av_one_full-15d750bd1b332b34c6e70b077ebbccdf{\nborder-radius:0px 0px 0px 0px;\npadding:0px 0px 0px 0px;\n}\n<\/style>\n<div  class='flex_column av-av_one_full-15d750bd1b332b34c6e70b077ebbccdf av_one_full  avia-builder-el-15  el_before_av_one_full  avia-builder-el-first  first flex_column_div av-zero-column-padding  '     ><section  class='av_textblock_section av-av_textblock-2bd894dbf2e4bf2c4acf98ce4fbf94aa '   itemscope=\"itemscope\" itemtype=\"https:\/\/schema.org\/CreativeWork\" ><div class='avia_textblock'  itemprop=\"text\" ><h2>Clause de non-responsabilit\u00e9 \u2013 Mentions l\u00e9gales<\/h2>\n<\/div><\/section><\/div>\n<style type=\"text\/css\" data-created_by=\"avia_inline_auto\" id=\"style-css-av-av_one_full-f72e7ad6b64d2d9bf1d798755ec1ce61\">\n.flex_column.av-av_one_full-f72e7ad6b64d2d9bf1d798755ec1ce61{\nborder-radius:0px 0px 0px 0px;\npadding:0px 0px 0px 0px;\n}\n<\/style>\n<div  class='flex_column av-av_one_full-f72e7ad6b64d2d9bf1d798755ec1ce61 av_one_full  avia-builder-el-17  el_after_av_one_full  el_before_av_hr  first flex_column_div av-animated-generic bottom-to-top av-zero-column-padding  column-top-margin'     ><p><section  class='av_textblock_section av-av_textblock-2bd894dbf2e4bf2c4acf98ce4fbf94aa '   itemscope=\"itemscope\" itemtype=\"https:\/\/schema.org\/CreativeWork\" ><div class='avia_textblock'  itemprop=\"text\" ><p><strong>1. Limitation de la responsabilit\u00e9<br \/>\n<\/strong>Le contenu du site Internet a \u00e9t\u00e9 \u00e9tabli avec le plus grand soin et en toute bonne foi. L&rsquo;exploitant du pr\u00e9sent site Web d\u00e9cline toutefois toute responsabilit\u00e9 concernant l&rsquo;actualit\u00e9, l&rsquo;exhaustivit\u00e9 et l&rsquo;exactitude des pages et contenus propos\u00e9s.<\/p>\n<p>En tant que prestataire de service, l&rsquo;exploitant du pr\u00e9sent site Web est responsable des contenus et informations fournis sur ces pages en vertu des lois g\u00e9n\u00e9rales selon \u00a7 7 al. 1 TMG (loi allemande sur les t\u00e9l\u00e9m\u00e9dias)\u00a0; toutefois, selon \u00a7\u00a7 8 \u00e0 10 TMG, il n&rsquo;est pas tenu de surveiller les informations transmises ou enregistr\u00e9es provenant d&rsquo;autrui. La suppression ou le blocage de ces contenus aura lieu imm\u00e9diatement apr\u00e8s la prise de connaissance d&rsquo;une violation concr\u00e8te du droit. Une responsabilit\u00e9 est possible uniquement \u00e0 partir du moment de la prise de connaissance.<\/p>\n<\/div><\/section><br \/>\n\n<style type=\"text\/css\" data-created_by=\"avia_inline_auto\" id=\"style-css-av-av_hr-52b99614f1db0890c6e11e182627758b\">\n#top .hr.hr-invisible.av-av_hr-52b99614f1db0890c6e11e182627758b{\nheight:20px;\n}\n<\/style>\n<div  class='hr av-av_hr-52b99614f1db0890c6e11e182627758b hr-invisible  avia-builder-el-19  el_after_av_textblock  el_before_av_textblock '><span class='hr-inner '><span class=\"hr-inner-style\"><\/span><\/span><\/div><br \/>\n<section  class='av_textblock_section av-av_textblock-2bd894dbf2e4bf2c4acf98ce4fbf94aa '   itemscope=\"itemscope\" itemtype=\"https:\/\/schema.org\/CreativeWork\" ><div class='avia_textblock'  itemprop=\"text\" ><p><strong>2. Liens externes<\/strong><br \/>\nLe pr\u00e9sent site Web contient des liens dits \u00ab\u00a0externes\u00a0\u00bb vers d&rsquo;autres sites Web, dont le contenu ne peut pas \u00eatre influenc\u00e9 par l&rsquo;exploitant du pr\u00e9sent site Web. Pour cette raison, l&rsquo;exploitant ne peut pas non plus accepter de responsabilit\u00e9 pour ces contenus.<br \/>\nL&rsquo;exploitant respectif du site Web auquel conduit le lien est responsable des contenus et de l&rsquo;exactitude des informations fournies. Au moment de la cr\u00e9ation du lien, aucune infraction n&rsquo;\u00e9tait identifiable. Tout lien dont le caract\u00e8re ill\u00e9gal sera port\u00e9 \u00e0 la connaissance de l&rsquo;exploitant sera imm\u00e9diatement supprim\u00e9.<\/p>\n<\/div><\/section><br \/>\n\n<style type=\"text\/css\" data-created_by=\"avia_inline_auto\" id=\"style-css-av-av_hr-52b99614f1db0890c6e11e182627758b\">\n#top .hr.hr-invisible.av-av_hr-52b99614f1db0890c6e11e182627758b{\nheight:20px;\n}\n<\/style>\n<div  class='hr av-av_hr-52b99614f1db0890c6e11e182627758b hr-invisible  avia-builder-el-21  el_after_av_textblock  el_before_av_textblock '><span class='hr-inner '><span class=\"hr-inner-style\"><\/span><\/span><\/div><br \/>\n<section  class='av_textblock_section av-av_textblock-2bd894dbf2e4bf2c4acf98ce4fbf94aa '   itemscope=\"itemscope\" itemtype=\"https:\/\/schema.org\/CreativeWork\" ><div class='avia_textblock'  itemprop=\"text\" ><p><strong>3. Droit d&rsquo;auteur \/ droits voisins<br \/>\n<\/strong>Les contenus et les \u0153uvres publi\u00e9s ainsi que les informations fournies sur le pr\u00e9sent site Web sont soumis au droit d&rsquo;auteur et aux droits voisins allemands. Tout type de reproduction, modification, diffusion, enregistrement et tout type d&rsquo;exploitation au-del\u00e0 des limites du droit d&rsquo;auteur n\u00e9cessitent l&rsquo;autorisation \u00e9crite pr\u00e9alable du titulaire respectif du droit d&rsquo;auteur. La copie et l&rsquo;enregistrement non autoris\u00e9s des informations fournies sur les pr\u00e9sentes pages Internet sont interdits et passibles de peine.<\/p>\n<\/div><\/section><br \/>\n\n<style type=\"text\/css\" data-created_by=\"avia_inline_auto\" id=\"style-css-av-av_hr-52b99614f1db0890c6e11e182627758b\">\n#top .hr.hr-invisible.av-av_hr-52b99614f1db0890c6e11e182627758b{\nheight:20px;\n}\n<\/style>\n<div  class='hr av-av_hr-52b99614f1db0890c6e11e182627758b hr-invisible  avia-builder-el-23  el_after_av_textblock  el_before_av_textblock '><span class='hr-inner '><span class=\"hr-inner-style\"><\/span><\/span><\/div><br \/>\n<section  class='av_textblock_section av-av_textblock-2bd894dbf2e4bf2c4acf98ce4fbf94aa '   itemscope=\"itemscope\" itemtype=\"https:\/\/schema.org\/CreativeWork\" ><div class='avia_textblock'  itemprop=\"text\" ><p><strong>4. Protection des donn\u00e9es<br \/>\n<\/strong>La visite du site Internet peut entra\u00eener l&rsquo;enregistrement d&rsquo;informations concernant l&rsquo;acc\u00e8s au serveur (date, heure, pages consult\u00e9es). Aucune donn\u00e9e personnelle (par ex. le nom, l&rsquo;adresse ou l&rsquo;adresse \u00e9lectronique) n&rsquo;est enregistr\u00e9e.<\/p>\n<p>Si des donn\u00e9es personnelles sont collect\u00e9es, cela n&rsquo;a lieu, dans la mesure du possible, qu&rsquo;avec accord pr\u00e9alable de l&rsquo;utilisateur du site Web.Il n&rsquo;y a aucune transmission des donn\u00e9es \u00e0 des tiers sans l&rsquo;autorisation explicite de l&rsquo;utilisateur.<\/p>\n<p>L&rsquo;exploitant attire l&rsquo;attention sur le fait que le transfert de donn\u00e9es sur Internet (par ex. par courrier \u00e9lectronique) comporte des failles de s\u00e9curit\u00e9 et qu&rsquo;une protection sans faille des donn\u00e9es contre l&rsquo;acc\u00e8s par des tiers ne peut pas \u00eatre garantie. L&rsquo;exploitant d\u00e9cline toute responsabilit\u00e9 quant aux dommages engendr\u00e9s par de telles failles de s\u00e9curit\u00e9.<\/p>\n<p>L&rsquo;exploitant s&rsquo;oppose express\u00e9ment \u00e0 toute utilisation de ses donn\u00e9es de contact par des tiers \u00e0 des fins commerciales, sauf autorisation \u00e9crite pr\u00e9alable de celui-ci.<br \/>\nL&rsquo;exploitant se r\u00e9serve le droit d&rsquo;engager des proc\u00e9dures judiciaires en cas d&rsquo;envoi non souhait\u00e9 d&rsquo;informations commerciales, par ex. par le biais de mails ind\u00e9sirables.<\/p>\n<p><strong>\u00a0<\/strong><\/p>\n<\/div><\/section><br \/>\n\n<style type=\"text\/css\" data-created_by=\"avia_inline_auto\" id=\"style-css-av-av_hr-52b99614f1db0890c6e11e182627758b\">\n#top .hr.hr-invisible.av-av_hr-52b99614f1db0890c6e11e182627758b{\nheight:20px;\n}\n<\/style>\n<div  class='hr av-av_hr-52b99614f1db0890c6e11e182627758b hr-invisible  avia-builder-el-25  el_after_av_textblock  el_before_av_textblock '><span class='hr-inner '><span class=\"hr-inner-style\"><\/span><\/span><\/div><br \/>\n<section  class='av_textblock_section av-av_textblock-2bd894dbf2e4bf2c4acf98ce4fbf94aa '   itemscope=\"itemscope\" itemtype=\"https:\/\/schema.org\/CreativeWork\" ><div class='avia_textblock'  itemprop=\"text\" ><p><strong><span id=\"result_box\" class=\"\" lang=\"fr\"><span class=\"\">Sources pour les images<\/span><\/span><\/strong><br \/>\n\u00a9 Marco2811 \u2013 stock.adobe.com<br \/>\n\u00a9 elxeneize \u2013 stock.adobe.com<br \/>\n\u00a9 assetseller \u2013 stock.adobe.com<br \/>\n\u00a9 slasnyi \u2013 stock.adobe.com<br \/>\n\u00a9 concept w \u2013 stock.adobe.com<br \/>\n\u00a9 AlexeyVS \u2013 iStock.com<\/p>\n<\/div><\/section><\/p><\/div>\n<style type=\"text\/css\" data-created_by=\"avia_inline_auto\" id=\"style-css-av-av_hr-324fae82e6423949a74e0a56a9742789\">\n#top .hr.hr-invisible.av-av_hr-324fae82e6423949a74e0a56a9742789{\nheight:100px;\n}\n<\/style>\n<div  class='hr av-av_hr-324fae82e6423949a74e0a56a9742789 hr-invisible  avia-builder-el-27  el_after_av_one_full  avia-builder-el-last '><span class='hr-inner '><span class=\"hr-inner-style\"><\/span><\/span><\/div>\n<\/div><\/div><\/div><!-- close content main div --><\/div><\/div><div id='after_section_2'  class='main_color av_default_container_wrap container_wrap sidebar_right'  ><div class='container av-section-cont-open' ><div class='template-page content  av-content-small alpha units'><div class='post-entry post-entry-type-page post-entry-352'><div class='entry-content-wrapper clearfix'><\/p>\n","protected":false},"excerpt":{"rendered":"","protected":false},"author":1,"featured_media":0,"parent":0,"menu_order":80,"comment_status":"closed","ping_status":"closed","template":"","meta":{"footnotes":""},"class_list":["post-352","page","type-page","status-publish","hentry"],"_links":{"self":[{"href":"https:\/\/argentum-vivum-solutions.com\/fr\/wp-json\/wp\/v2\/pages\/352","targetHints":{"allow":["GET"]}}],"collection":[{"href":"https:\/\/argentum-vivum-solutions.com\/fr\/wp-json\/wp\/v2\/pages"}],"about":[{"href":"https:\/\/argentum-vivum-solutions.com\/fr\/wp-json\/wp\/v2\/types\/page"}],"author":[{"embeddable":true,"href":"https:\/\/argentum-vivum-solutions.com\/fr\/wp-json\/wp\/v2\/users\/1"}],"replies":[{"embeddable":true,"href":"https:\/\/argentum-vivum-solutions.com\/fr\/wp-json\/wp\/v2\/comments?post=352"}],"version-history":[{"count":4,"href":"https:\/\/argentum-vivum-solutions.com\/fr\/wp-json\/wp\/v2\/pages\/352\/revisions"}],"predecessor-version":[{"id":1395,"href":"https:\/\/argentum-vivum-solutions.com\/fr\/wp-json\/wp\/v2\/pages\/352\/revisions\/1395"}],"wp:attachment":[{"href":"https:\/\/argentum-vivum-solutions.com\/fr\/wp-json\/wp\/v2\/media?parent=352"}],"curies":[{"name":"wp","href":"https:\/\/api.w.org\/{rel}","templated":true}]}}