{"id":581,"date":"2018-02-23T11:34:36","date_gmt":"2018-02-23T10:34:36","guid":{"rendered":"https:\/\/argentum-vivum-solutions.com\/impressum\/"},"modified":"2018-08-29T16:45:23","modified_gmt":"2018-08-29T14:45:23","slug":"impressum","status":"publish","type":"page","link":"https:\/\/argentum-vivum-solutions.com\/pt-pt\/impressum\/","title":{"rendered":"Impressum"},"content":{"rendered":"<div   class='avia-fullscreen-slider main_color   avia-builder-el-0  el_before_av_section  avia-builder-el-first  container_wrap sidebar_right'  ><a href='#next-section' title='' class='scroll-down-link av-control-default avia-svg-icon avia-font-svg_entypo-fontello' data-av_svg_icon='down-open-mini' data-av_iconset='svg_entypo-fontello'><svg version=\"1.1\" xmlns=\"http:\/\/www.w3.org\/2000\/svg\" width=\"15\" height=\"32\" viewBox=\"0 0 15 32\" preserveAspectRatio=\"xMidYMid meet\" aria-labelledby='av-svg-title-1' aria-describedby='av-svg-desc-1' role=\"graphics-symbol\" aria-hidden=\"true\">\n<title id='av-svg-title-1'>Scroll to next section<\/title>\n<desc id='av-svg-desc-1'>Scroll to next section<\/desc>\n<path d=\"M12.96 12.16q0.704-0.832 1.536 0 0.832 0.704 0 1.536l-6.272 6.144q-0.704 0.704-1.536 0l-6.272-6.144q-0.832-0.832 0-1.536 0.768-0.768 1.6 0l5.44 4.992z\"><\/path>\n<\/svg><\/a><div  class='avia-slideshow av-av_fullscreen-9de319514b7c9bb40f7d0ef9b2fcc3b6 avia-slideshow-extra_large av_fullscreen avia-slide-slider av-slideshow-ui av-control-default av-slideshow-manual av-loop-once av-loop-manual-endless av-slider-scroll-down-active av-default-height-applied   avia-slideshow-1' data-slideshow-options=\"{&quot;animation&quot;:&quot;slide&quot;,&quot;autoplay&quot;:false,&quot;loop_autoplay&quot;:&quot;once&quot;,&quot;interval&quot;:5,&quot;loop_manual&quot;:&quot;manual-endless&quot;,&quot;autoplay_stopper&quot;:false,&quot;noNavigation&quot;:false,&quot;bg_slider&quot;:true,&quot;keep_padding&quot;:false,&quot;hoverpause&quot;:false,&quot;show_slide_delay&quot;:0,&quot;slide_height&quot;:&quot;100&quot;,&quot;image_attachment&quot;:&quot;&quot;}\"  itemprop=\"image\" itemscope=\"itemscope\" itemtype=\"https:\/\/schema.org\/ImageObject\" ><ul class='avia-slideshow-inner ' style='padding-bottom: 56.266666666667%;'><li style='background-position:center center;' data-img-url='https:\/\/argentum-vivum-solutions.com\/wp-content\/uploads\/2018\/02\/argentum-vivum-solutions-imprint-1500x844.jpg' class='avia-slideshow-slide av-av_fullscreen-9de319514b7c9bb40f7d0ef9b2fcc3b6__0  av-single-slide slide-1 slide-odd'><div data-rel='slideshow-1' class='avia-slide-wrap '   ><\/div><\/li><\/ul><\/div><\/div>\n<div id='av_section_1'  class='avia-section av-av_section-22959a1db1e590e4999db963e93f245c main_color avia-section-huge avia-no-border-styling  avia-builder-el-1  el_after_av_fullscreen  el_before_av_section  avia-bg-style-scroll container_wrap sidebar_right'  ><div class='container av-section-cont-open' ><div class='template-page content  av-content-small alpha units'><div class='post-entry post-entry-type-page post-entry-581'><div class='entry-content-wrapper clearfix'>\n\n<style type=\"text\/css\" data-created_by=\"avia_inline_auto\" id=\"style-css-av-av_one_fourth-15d750bd1b332b34c6e70b077ebbccdf\">\n.flex_column.av-av_one_fourth-15d750bd1b332b34c6e70b077ebbccdf{\nborder-radius:0px 0px 0px 0px;\npadding:0px 0px 0px 0px;\n}\n<\/style>\n<div  class='flex_column av-av_one_fourth-15d750bd1b332b34c6e70b077ebbccdf av_one_fourth  avia-builder-el-2  el_before_av_one_half  avia-builder-el-first  first flex_column_div av-zero-column-padding  '     ><\/div>\n<style type=\"text\/css\" data-created_by=\"avia_inline_auto\" id=\"style-css-av-av_one_half-d44619911ae79860cf32ccf16c37bd60\">\n.flex_column.av-av_one_half-d44619911ae79860cf32ccf16c37bd60{\nborder-radius:0px 0px 0px 0px;\npadding:0px 0px 0px 0px;\n}\n<\/style>\n<div  class='flex_column av-av_one_half-d44619911ae79860cf32ccf16c37bd60 av_one_half  avia-builder-el-3  el_after_av_one_fourth  el_before_av_one_fourth  flex_column_div av-animated-generic pop-up av-zero-column-padding  '     ><style type=\"text\/css\" data-created_by=\"avia_inline_auto\" id=\"style-css-av-jlf96n4a-832df549c01bca6f0d6c4d26943bebc3\">\n#top .av-special-heading.av-jlf96n4a-832df549c01bca6f0d6c4d26943bebc3{\npadding-bottom:10px;\n}\nbody .av-special-heading.av-jlf96n4a-832df549c01bca6f0d6c4d26943bebc3 .av-special-heading-tag .heading-char{\nfont-size:25px;\n}\n.av-special-heading.av-jlf96n4a-832df549c01bca6f0d6c4d26943bebc3 .av-subheading{\nfont-size:15px;\n}\n<\/style>\n<div  class='av-special-heading av-jlf96n4a-832df549c01bca6f0d6c4d26943bebc3 av-special-heading-h1 blockquote modern-quote modern-centered  avia-builder-el-4  avia-builder-el-no-sibling  av-thin-font'><h1 class='av-special-heading-tag '  itemprop=\"headline\"  >Vis\u00e3o geral das <strong>informa\u00e7\u00f5es mais importantes:<\/strong><\/h1><div class=\"special-heading-border\"><div class=\"special-heading-inner-border\"><\/div><\/div><\/div><\/div>\n<style type=\"text\/css\" data-created_by=\"avia_inline_auto\" id=\"style-css-av-av_one_fourth-c8fc129dc35fd1ae2a1e410224d39ea8\">\n.flex_column.av-av_one_fourth-c8fc129dc35fd1ae2a1e410224d39ea8{\nborder-radius:0px 0px 0px 0px;\npadding:0px 0px 0px 0px;\n}\n<\/style>\n<div  class='flex_column av-av_one_fourth-c8fc129dc35fd1ae2a1e410224d39ea8 av_one_fourth  avia-builder-el-5  el_after_av_one_half  el_before_av_hr  flex_column_div av-zero-column-padding  '     ><\/div>\n<style type=\"text\/css\" data-created_by=\"avia_inline_auto\" id=\"style-css-av-av_hr-c762e75d5155fb180cebf2ad8152405d\">\n#top .hr.av-av_hr-c762e75d5155fb180cebf2ad8152405d{\nmargin-top:30px;\nmargin-bottom:30px;\n}\n.hr.av-av_hr-c762e75d5155fb180cebf2ad8152405d .hr-inner{\nwidth:120px;\n}\n<\/style>\n<div  class='hr av-av_hr-c762e75d5155fb180cebf2ad8152405d hr-custom  avia-builder-el-6  el_after_av_one_fourth  el_before_av_one_full  hr-center hr-icon-no'><span class='hr-inner inner-border-av-border-thin'><span class=\"hr-inner-style\"><\/span><\/span><\/div>\n\n<style type=\"text\/css\" data-created_by=\"avia_inline_auto\" id=\"style-css-av-av_one_full-15d750bd1b332b34c6e70b077ebbccdf\">\n.flex_column.av-av_one_full-15d750bd1b332b34c6e70b077ebbccdf{\nborder-radius:0px 0px 0px 0px;\npadding:0px 0px 0px 0px;\n}\n<\/style>\n<div  class='flex_column av-av_one_full-15d750bd1b332b34c6e70b077ebbccdf av_one_full  avia-builder-el-7  el_after_av_hr  el_before_av_hr  first flex_column_div av-zero-column-padding  '     ><section  class='av_textblock_section av-av_textblock-2bd894dbf2e4bf2c4acf98ce4fbf94aa '   itemscope=\"itemscope\" itemtype=\"https:\/\/schema.org\/CreativeWork\" ><div class='avia_textblock'  itemprop=\"text\" ><h1>Impressum<\/h1>\n<\/div><\/section><\/div>\n<style type=\"text\/css\" data-created_by=\"avia_inline_auto\" id=\"style-css-av-av_hr-e686c18ebf9841d5c01130be193c53c7\">\n#top .hr.hr-invisible.av-av_hr-e686c18ebf9841d5c01130be193c53c7{\nheight:50px;\n}\n<\/style>\n<div  class='hr av-av_hr-e686c18ebf9841d5c01130be193c53c7 hr-invisible  avia-builder-el-9  el_after_av_one_full  el_before_av_one_half '><span class='hr-inner '><span class=\"hr-inner-style\"><\/span><\/span><\/div>\n\n<style type=\"text\/css\" data-created_by=\"avia_inline_auto\" id=\"style-css-av-av_one_half-f72e7ad6b64d2d9bf1d798755ec1ce61\">\n.flex_column.av-av_one_half-f72e7ad6b64d2d9bf1d798755ec1ce61{\nborder-radius:0px 0px 0px 0px;\npadding:0px 0px 0px 0px;\n}\n<\/style>\n<div  class='flex_column av-av_one_half-f72e7ad6b64d2d9bf1d798755ec1ce61 av_one_half  avia-builder-el-10  el_after_av_hr  el_before_av_one_half  first flex_column_div av-animated-generic bottom-to-top av-zero-column-padding  '     ><style type=\"text\/css\" data-created_by=\"avia_inline_auto\" id=\"style-css-av-av_textblock-45e5de1e13c269a5c6bd3aa0654d2677\">\n#top .av_textblock_section.av-av_textblock-45e5de1e13c269a5c6bd3aa0654d2677 .avia_textblock{\nfont-size:18px;\n}\n<\/style>\n<section  class='av_textblock_section av-av_textblock-45e5de1e13c269a5c6bd3aa0654d2677 '   itemscope=\"itemscope\" itemtype=\"https:\/\/schema.org\/CreativeWork\" ><div class='avia_textblock'  itemprop=\"text\" ><p>AVS GmbH<br \/>\nAirport Center (Haus C)<br \/>\nFlughafenstrasse 52a<br \/>\nD- 22335 Hamburg<\/p>\n<p>Phone: +49 (0) 40-532 99 180<br \/>\nMail: info@argentum-vivum-solutions.com<br \/>\nWeb: www.argentum-vivum-solutions.com<\/p>\n<\/div><\/section><\/div>\n<style type=\"text\/css\" data-created_by=\"avia_inline_auto\" id=\"style-css-av-av_one_half-8e68d8f27afa3b61f52d4b37ac580f0b\">\n.flex_column.av-av_one_half-8e68d8f27afa3b61f52d4b37ac580f0b{\nborder-radius:0px 0px 0px 0px;\npadding:0px 0px 0px 0px;\n}\n<\/style>\n<div  class='flex_column av-av_one_half-8e68d8f27afa3b61f52d4b37ac580f0b av_one_half  avia-builder-el-12  el_after_av_one_half  avia-builder-el-last  flex_column_div av-animated-generic bottom-to-top av-zero-column-padding  '     ><style type=\"text\/css\" data-created_by=\"avia_inline_auto\" id=\"style-css-av-av_textblock-45e5de1e13c269a5c6bd3aa0654d2677\">\n#top .av_textblock_section.av-av_textblock-45e5de1e13c269a5c6bd3aa0654d2677 .avia_textblock{\nfont-size:18px;\n}\n<\/style>\n<section  class='av_textblock_section av-av_textblock-45e5de1e13c269a5c6bd3aa0654d2677 '   itemscope=\"itemscope\" itemtype=\"https:\/\/schema.org\/CreativeWork\" ><div class='avia_textblock'  itemprop=\"text\" ><p>Representado pelo gerente Michael Franck<\/p>\n<p>Entrada no Registro: Amtsgericht Hamburg, HRB 150635<\/p>\n<p>N\u00ba. de identifica\u00e7\u00e3o do IVA: DE 814 947 819<\/p>\n<\/div><\/section><\/div><\/div><\/div><\/div><!-- close content main div --><\/div><\/div><div id='av_section_2'  class='avia-section av-av_section-11ed547d5d88055f027dcd60cf0811ac main_color avia-section-small avia-no-border-styling  avia-builder-el-14  el_after_av_section  avia-builder-el-last  avia-bg-style-scroll container_wrap sidebar_right'  ><div class='container av-section-cont-open' ><div class='template-page content  av-content-small alpha units'><div class='post-entry post-entry-type-page post-entry-581'><div class='entry-content-wrapper clearfix'>\n\n<style type=\"text\/css\" data-created_by=\"avia_inline_auto\" id=\"style-css-av-av_one_full-15d750bd1b332b34c6e70b077ebbccdf\">\n.flex_column.av-av_one_full-15d750bd1b332b34c6e70b077ebbccdf{\nborder-radius:0px 0px 0px 0px;\npadding:0px 0px 0px 0px;\n}\n<\/style>\n<div  class='flex_column av-av_one_full-15d750bd1b332b34c6e70b077ebbccdf av_one_full  avia-builder-el-15  el_before_av_one_full  avia-builder-el-first  first flex_column_div av-zero-column-padding  '     ><section  class='av_textblock_section av-av_textblock-2bd894dbf2e4bf2c4acf98ce4fbf94aa '   itemscope=\"itemscope\" itemtype=\"https:\/\/schema.org\/CreativeWork\" ><div class='avia_textblock'  itemprop=\"text\" ><h2><span lang=\"PT-BR\" style=\"color: #303030;\">Disclaimer \u2013 Avisos legais<\/span><\/h2>\n<\/div><\/section><\/div>\n<style type=\"text\/css\" data-created_by=\"avia_inline_auto\" id=\"style-css-av-av_one_full-f72e7ad6b64d2d9bf1d798755ec1ce61\">\n.flex_column.av-av_one_full-f72e7ad6b64d2d9bf1d798755ec1ce61{\nborder-radius:0px 0px 0px 0px;\npadding:0px 0px 0px 0px;\n}\n<\/style>\n<div  class='flex_column av-av_one_full-f72e7ad6b64d2d9bf1d798755ec1ce61 av_one_full  avia-builder-el-17  el_after_av_one_full  el_before_av_hr  first flex_column_div av-animated-generic bottom-to-top av-zero-column-padding  column-top-margin'     ><p><section  class='av_textblock_section av-av_textblock-2bd894dbf2e4bf2c4acf98ce4fbf94aa '   itemscope=\"itemscope\" itemtype=\"https:\/\/schema.org\/CreativeWork\" ><div class='avia_textblock'  itemprop=\"text\" ><p><strong>1. Limita\u00e7\u00e3o de responsabilidade<br \/>\n<\/strong>Os conte\u00fados da nossa presen\u00e7a na internet foram elaborados com o m\u00e1ximo cuidado poss\u00edvel e de boa f\u00e9. No entanto, o autor deste site n\u00e3o assume qualquer responsabilidade de garantia que as p\u00e1ginas e os conte\u00fados disponibilizados estejam atualizados, completos e corretos.<\/p>\n<p>Segundo par. 1, artigo 7, da lei TMG, o autor deste site, na sua qualidade de prestador de servi\u00e7os, \u00e9 respons\u00e1vel pelo conte\u00fado composto por ele e as informa\u00e7\u00f5es disponibilizadas; por\u00e9m, segundo os arts. 8 a 10, da mesma lei TMG, n\u00e3o tem obriga\u00e7\u00e3o de supervisionar as informa\u00e7\u00f5es alheias transmitidas ou memorizadas. Estes conte\u00fados ser\u00e3o retirados ou bloqueados imediatamente a partir do momento em que uma infra\u00e7\u00e3o da lei for conhecida. Se tomar\u00e1 medidas a partir do momento em que o autor adquira este conhecimento.<\/p>\n<\/div><\/section><br \/>\n\n<style type=\"text\/css\" data-created_by=\"avia_inline_auto\" id=\"style-css-av-av_hr-52b99614f1db0890c6e11e182627758b\">\n#top .hr.hr-invisible.av-av_hr-52b99614f1db0890c6e11e182627758b{\nheight:20px;\n}\n<\/style>\n<div  class='hr av-av_hr-52b99614f1db0890c6e11e182627758b hr-invisible  avia-builder-el-19  el_after_av_textblock  el_before_av_textblock '><span class='hr-inner '><span class=\"hr-inner-style\"><\/span><\/span><\/div><br \/>\n<section  class='av_textblock_section av-av_textblock-2bd894dbf2e4bf2c4acf98ce4fbf94aa '   itemscope=\"itemscope\" itemtype=\"https:\/\/schema.org\/CreativeWork\" ><div class='avia_textblock'  itemprop=\"text\" ><p><strong>2. Links externos<br \/>\n<\/strong>O site cont\u00e9m alguns \u201clinks externos\u201d (liga\u00e7\u00f5es) a outros sites, mas cujo conte\u00fado se subtrai \u00e0 influ\u00eancia do autor deste site. Por isso, o autor tamb\u00e9m n\u00e3o pode garantir estes conte\u00fados.<\/p>\n<p>A responsabilidade pelos conte\u00fados e a autenticidade das informa\u00e7\u00f5es disponibilizadas cabe ao autor do site interligado. Quaisquer infra\u00e7\u00f5es da lei n\u00e3o eram reconhec\u00edveis no momento da liga\u00e7\u00e3o. Se tal infra\u00e7\u00e3o da lei chegar ao nosso conhecimento a liga\u00e7\u00e3o ser\u00e1 cancelada imediatamente.<\/p>\n<\/div><\/section><br \/>\n\n<style type=\"text\/css\" data-created_by=\"avia_inline_auto\" id=\"style-css-av-av_hr-52b99614f1db0890c6e11e182627758b\">\n#top .hr.hr-invisible.av-av_hr-52b99614f1db0890c6e11e182627758b{\nheight:20px;\n}\n<\/style>\n<div  class='hr av-av_hr-52b99614f1db0890c6e11e182627758b hr-invisible  avia-builder-el-21  el_after_av_textblock  el_before_av_textblock '><span class='hr-inner '><span class=\"hr-inner-style\"><\/span><\/span><\/div><br \/>\n<section  class='av_textblock_section av-av_textblock-2bd894dbf2e4bf2c4acf98ce4fbf94aa '   itemscope=\"itemscope\" itemtype=\"https:\/\/schema.org\/CreativeWork\" ><div class='avia_textblock'  itemprop=\"text\" ><p><strong>3.\u00a0 Direitos de autor\/Direitos de Propriedade Intelectual<\/strong><br \/>\nOs conte\u00fados, obras e informa\u00e7\u00f5es disponibilizadas obedecem \u00e0s leis alem\u00e3s sobre direitos de autoria e de propriedade intelectual. Qualquer tipo de multiplica\u00e7\u00e3o, edi\u00e7\u00e3o, divulga\u00e7\u00e3o, memoriza\u00e7\u00e3o e qualquer tipo de utiliza\u00e7\u00e3o fora dos limites do direito de autoria requer a autoriza\u00e7\u00e3o pr\u00e9via por escrito do respectivo detentor dos direitos. C\u00f3pias\/memoriza\u00e7\u00f5es n\u00e3o autorizadas das informa\u00e7\u00f5es disponibilizadas nas p\u00e1ginas deste site s\u00e3o il\u00edcitas e pun\u00edveis.<\/p>\n<\/div><\/section><br \/>\n\n<style type=\"text\/css\" data-created_by=\"avia_inline_auto\" id=\"style-css-av-av_hr-52b99614f1db0890c6e11e182627758b\">\n#top .hr.hr-invisible.av-av_hr-52b99614f1db0890c6e11e182627758b{\nheight:20px;\n}\n<\/style>\n<div  class='hr av-av_hr-52b99614f1db0890c6e11e182627758b hr-invisible  avia-builder-el-23  el_after_av_textblock  el_before_av_textblock '><span class='hr-inner '><span class=\"hr-inner-style\"><\/span><\/span><\/div><br \/>\n<section  class='av_textblock_section av-av_textblock-2bd894dbf2e4bf2c4acf98ce4fbf94aa '   itemscope=\"itemscope\" itemtype=\"https:\/\/schema.org\/CreativeWork\" ><div class='avia_textblock'  itemprop=\"text\" ><p><strong>4. Prote\u00e7\u00e3o de dados<br \/>\n<\/strong>Atrav\u00e9s da visita ao site na internet determinadas informa\u00e7\u00f5es (data, hora, site solicitado) sobre o acesso podem ser salvadas no servidor. N\u00e3o ser\u00e3o memorizados os dados pessoais (nome, endere\u00e7o ou endere\u00e7o de e-mail).<br \/>\nNa medida em que s\u00e3o levantados dados pessoais, sempre que seja necess\u00e1rio, isso ocorrer\u00e1 somente com o consentimento pr\u00e9vio do utilizador do site. N\u00e3o h\u00e1 entrega de dados a terceiros sem o expresso consentimento do utilizador.<\/p>\n<p>O autor do site chama aten\u00e7\u00e3o ao fato de que a transmiss\u00e3o de dados na internet (por exemplo por e-mail) pode apresentar d\u00e9fices na seguran\u00e7a e n\u00e3o pode ser garantida a prote\u00e7\u00e3o total dos dados contra o acesso de terceiros. O autor n\u00e3o aceita responsabilidades pelos preju\u00edzos gerados por tais vulnerabilidades de seguran\u00e7a. N\u00e3o concordamos expressamente com a utiliza\u00e7\u00e3o de dados de contato por terceiros para fins industriais. Com exce\u00e7\u00e3o da autoriza\u00e7\u00e3o do autor do site por escrito. O autor do site reserva procedimentos jur\u00eddicos para o caso de entrada sobre informa\u00e7\u00f5es de publicidade, por exemplo, por e-mail com spam.<\/p>\n<\/div><\/section><br \/>\n\n<style type=\"text\/css\" data-created_by=\"avia_inline_auto\" id=\"style-css-av-av_hr-52b99614f1db0890c6e11e182627758b\">\n#top .hr.hr-invisible.av-av_hr-52b99614f1db0890c6e11e182627758b{\nheight:20px;\n}\n<\/style>\n<div  class='hr av-av_hr-52b99614f1db0890c6e11e182627758b hr-invisible  avia-builder-el-25  el_after_av_textblock  el_before_av_textblock '><span class='hr-inner '><span class=\"hr-inner-style\"><\/span><\/span><\/div><br \/>\n<section  class='av_textblock_section av-av_textblock-2bd894dbf2e4bf2c4acf98ce4fbf94aa '   itemscope=\"itemscope\" itemtype=\"https:\/\/schema.org\/CreativeWork\" ><div class='avia_textblock'  itemprop=\"text\" ><p><strong>Indica\u00e7\u00e3o da fonte das imagens<\/strong><br \/>\n\u00a9 Marco2811 \u2013 stock.adobe.com<br \/>\n\u00a9 elxeneize \u2013 stock.adobe.com<br \/>\n\u00a9 assetseller \u2013 stock.adobe.com<br \/>\n\u00a9 slasnyi \u2013 stock.adobe.com<br \/>\n\u00a9 concept w \u2013 stock.adobe.com<br \/>\n\u00a9 AlexeyVS \u2013 iStock.com<\/p>\n<\/div><\/section><\/p><\/div>\n<style type=\"text\/css\" data-created_by=\"avia_inline_auto\" id=\"style-css-av-av_hr-324fae82e6423949a74e0a56a9742789\">\n#top .hr.hr-invisible.av-av_hr-324fae82e6423949a74e0a56a9742789{\nheight:100px;\n}\n<\/style>\n<div  class='hr av-av_hr-324fae82e6423949a74e0a56a9742789 hr-invisible  avia-builder-el-27  el_after_av_one_full  avia-builder-el-last '><span class='hr-inner '><span class=\"hr-inner-style\"><\/span><\/span><\/div>\n<\/div><\/div><\/div><!-- close content main div --><\/div><\/div><div id='after_section_2'  class='main_color av_default_container_wrap container_wrap sidebar_right'  ><div class='container av-section-cont-open' ><div class='template-page content  av-content-small alpha units'><div class='post-entry post-entry-type-page post-entry-581'><div class='entry-content-wrapper clearfix'><\/p>\n","protected":false},"excerpt":{"rendered":"","protected":false},"author":1,"featured_media":0,"parent":0,"menu_order":80,"comment_status":"closed","ping_status":"closed","template":"","meta":{"footnotes":""},"class_list":["post-581","page","type-page","status-publish","hentry"],"_links":{"self":[{"href":"https:\/\/argentum-vivum-solutions.com\/pt-pt\/wp-json\/wp\/v2\/pages\/581","targetHints":{"allow":["GET"]}}],"collection":[{"href":"https:\/\/argentum-vivum-solutions.com\/pt-pt\/wp-json\/wp\/v2\/pages"}],"about":[{"href":"https:\/\/argentum-vivum-solutions.com\/pt-pt\/wp-json\/wp\/v2\/types\/page"}],"author":[{"embeddable":true,"href":"https:\/\/argentum-vivum-solutions.com\/pt-pt\/wp-json\/wp\/v2\/users\/1"}],"replies":[{"embeddable":true,"href":"https:\/\/argentum-vivum-solutions.com\/pt-pt\/wp-json\/wp\/v2\/comments?post=581"}],"version-history":[{"count":4,"href":"https:\/\/argentum-vivum-solutions.com\/pt-pt\/wp-json\/wp\/v2\/pages\/581\/revisions"}],"predecessor-version":[{"id":1407,"href":"https:\/\/argentum-vivum-solutions.com\/pt-pt\/wp-json\/wp\/v2\/pages\/581\/revisions\/1407"}],"wp:attachment":[{"href":"https:\/\/argentum-vivum-solutions.com\/pt-pt\/wp-json\/wp\/v2\/media?parent=581"}],"curies":[{"name":"wp","href":"https:\/\/api.w.org\/{rel}","templated":true}]}}