{"id":658,"date":"2018-02-23T11:34:36","date_gmt":"2018-02-23T10:34:36","guid":{"rendered":"https:\/\/argentum-vivum-solutions.com\/impressum\/"},"modified":"2018-05-15T15:55:21","modified_gmt":"2018-05-15T13:55:21","slug":"kuenye","status":"publish","type":"page","link":"https:\/\/argentum-vivum-solutions.com\/tr\/kuenye\/","title":{"rendered":"K\u00fcnye"},"content":{"rendered":"<div   class='avia-fullscreen-slider main_color   avia-builder-el-0  el_before_av_section  avia-builder-el-first  container_wrap sidebar_right'  ><a href='#next-section' title='' class='scroll-down-link av-control-default avia-svg-icon avia-font-svg_entypo-fontello' data-av_svg_icon='down-open-mini' data-av_iconset='svg_entypo-fontello'><svg version=\"1.1\" xmlns=\"http:\/\/www.w3.org\/2000\/svg\" width=\"15\" height=\"32\" viewBox=\"0 0 15 32\" preserveAspectRatio=\"xMidYMid meet\" aria-labelledby='av-svg-title-1' aria-describedby='av-svg-desc-1' role=\"graphics-symbol\" aria-hidden=\"true\">\n<title id='av-svg-title-1'>Scroll to next section<\/title>\n<desc id='av-svg-desc-1'>Scroll to next section<\/desc>\n<path d=\"M12.96 12.16q0.704-0.832 1.536 0 0.832 0.704 0 1.536l-6.272 6.144q-0.704 0.704-1.536 0l-6.272-6.144q-0.832-0.832 0-1.536 0.768-0.768 1.6 0l5.44 4.992z\"><\/path>\n<\/svg><\/a><div  class='avia-slideshow av-av_fullscreen-9de319514b7c9bb40f7d0ef9b2fcc3b6 avia-slideshow-extra_large av_fullscreen avia-slide-slider av-slideshow-ui av-control-default av-slideshow-manual av-loop-once av-loop-manual-endless av-slider-scroll-down-active av-default-height-applied   avia-slideshow-1' data-slideshow-options=\"{&quot;animation&quot;:&quot;slide&quot;,&quot;autoplay&quot;:false,&quot;loop_autoplay&quot;:&quot;once&quot;,&quot;interval&quot;:5,&quot;loop_manual&quot;:&quot;manual-endless&quot;,&quot;autoplay_stopper&quot;:false,&quot;noNavigation&quot;:false,&quot;bg_slider&quot;:true,&quot;keep_padding&quot;:false,&quot;hoverpause&quot;:false,&quot;show_slide_delay&quot;:0,&quot;slide_height&quot;:&quot;100&quot;,&quot;image_attachment&quot;:&quot;&quot;}\"  itemprop=\"image\" itemscope=\"itemscope\" itemtype=\"https:\/\/schema.org\/ImageObject\" ><ul class='avia-slideshow-inner ' style='padding-bottom: 56.266666666667%;'><li style='background-position:center center;' data-img-url='https:\/\/argentum-vivum-solutions.com\/wp-content\/uploads\/2018\/02\/argentum-vivum-solutions-imprint-1500x844.jpg' class='avia-slideshow-slide av-av_fullscreen-9de319514b7c9bb40f7d0ef9b2fcc3b6__0  av-single-slide slide-1 slide-odd'><div data-rel='slideshow-1' class='avia-slide-wrap '   ><\/div><\/li><\/ul><\/div><\/div>\n<div id='av_section_1'  class='avia-section av-av_section-22959a1db1e590e4999db963e93f245c main_color avia-section-huge avia-no-border-styling  avia-builder-el-1  el_after_av_fullscreen  el_before_av_section  avia-bg-style-scroll container_wrap sidebar_right'  ><div class='container av-section-cont-open' ><div class='template-page content  av-content-small alpha units'><div class='post-entry post-entry-type-page post-entry-658'><div class='entry-content-wrapper clearfix'>\n\n<style type=\"text\/css\" data-created_by=\"avia_inline_auto\" id=\"style-css-av-av_one_fourth-15d750bd1b332b34c6e70b077ebbccdf\">\n.flex_column.av-av_one_fourth-15d750bd1b332b34c6e70b077ebbccdf{\nborder-radius:0px 0px 0px 0px;\npadding:0px 0px 0px 0px;\n}\n<\/style>\n<div  class='flex_column av-av_one_fourth-15d750bd1b332b34c6e70b077ebbccdf av_one_fourth  avia-builder-el-2  el_before_av_one_half  avia-builder-el-first  first flex_column_div av-zero-column-padding  '     ><\/div>\n<style type=\"text\/css\" data-created_by=\"avia_inline_auto\" id=\"style-css-av-av_one_half-d44619911ae79860cf32ccf16c37bd60\">\n.flex_column.av-av_one_half-d44619911ae79860cf32ccf16c37bd60{\nborder-radius:0px 0px 0px 0px;\npadding:0px 0px 0px 0px;\n}\n<\/style>\n<div  class='flex_column av-av_one_half-d44619911ae79860cf32ccf16c37bd60 av_one_half  avia-builder-el-3  el_after_av_one_fourth  el_before_av_one_fourth  flex_column_div av-animated-generic pop-up av-zero-column-padding  '     ><style type=\"text\/css\" data-created_by=\"avia_inline_auto\" id=\"style-css-av-av_heading-aae710d22d4e5054bc28390218448257\">\n#top .av-special-heading.av-av_heading-aae710d22d4e5054bc28390218448257{\npadding-bottom:10px;\n}\nbody .av-special-heading.av-av_heading-aae710d22d4e5054bc28390218448257 .av-special-heading-tag .heading-char{\nfont-size:25px;\n}\n.av-special-heading.av-av_heading-aae710d22d4e5054bc28390218448257 .av-subheading{\nfont-size:15px;\n}\n<\/style>\n<div  class='av-special-heading av-av_heading-aae710d22d4e5054bc28390218448257 av-special-heading-h1 blockquote modern-quote modern-centered  avia-builder-el-4  avia-builder-el-no-sibling  av-thin-font'><h1 class='av-special-heading-tag '  itemprop=\"headline\"  ><strong>\u00d6nemli bilgiler <\/strong> bir bak\u0131\u015fta:<\/h1><div class=\"special-heading-border\"><div class=\"special-heading-inner-border\"><\/div><\/div><\/div><\/div>\n<style type=\"text\/css\" data-created_by=\"avia_inline_auto\" id=\"style-css-av-av_one_fourth-c8fc129dc35fd1ae2a1e410224d39ea8\">\n.flex_column.av-av_one_fourth-c8fc129dc35fd1ae2a1e410224d39ea8{\nborder-radius:0px 0px 0px 0px;\npadding:0px 0px 0px 0px;\n}\n<\/style>\n<div  class='flex_column av-av_one_fourth-c8fc129dc35fd1ae2a1e410224d39ea8 av_one_fourth  avia-builder-el-5  el_after_av_one_half  el_before_av_hr  flex_column_div av-zero-column-padding  '     ><\/div>\n<style type=\"text\/css\" data-created_by=\"avia_inline_auto\" id=\"style-css-av-av_hr-c762e75d5155fb180cebf2ad8152405d\">\n#top .hr.av-av_hr-c762e75d5155fb180cebf2ad8152405d{\nmargin-top:30px;\nmargin-bottom:30px;\n}\n.hr.av-av_hr-c762e75d5155fb180cebf2ad8152405d .hr-inner{\nwidth:120px;\n}\n<\/style>\n<div  class='hr av-av_hr-c762e75d5155fb180cebf2ad8152405d hr-custom  avia-builder-el-6  el_after_av_one_fourth  el_before_av_one_full  hr-center hr-icon-no'><span class='hr-inner inner-border-av-border-thin'><span class=\"hr-inner-style\"><\/span><\/span><\/div>\n\n<style type=\"text\/css\" data-created_by=\"avia_inline_auto\" id=\"style-css-av-av_one_full-15d750bd1b332b34c6e70b077ebbccdf\">\n.flex_column.av-av_one_full-15d750bd1b332b34c6e70b077ebbccdf{\nborder-radius:0px 0px 0px 0px;\npadding:0px 0px 0px 0px;\n}\n<\/style>\n<div  class='flex_column av-av_one_full-15d750bd1b332b34c6e70b077ebbccdf av_one_full  avia-builder-el-7  el_after_av_hr  el_before_av_hr  first flex_column_div av-zero-column-padding  '     ><section  class='av_textblock_section av-av_textblock-2bd894dbf2e4bf2c4acf98ce4fbf94aa '   itemscope=\"itemscope\" itemtype=\"https:\/\/schema.org\/CreativeWork\" ><div class='avia_textblock'  itemprop=\"text\" ><h1>K\u00fcnye<\/h1>\n<\/div><\/section><\/div>\n<style type=\"text\/css\" data-created_by=\"avia_inline_auto\" id=\"style-css-av-av_hr-e686c18ebf9841d5c01130be193c53c7\">\n#top .hr.hr-invisible.av-av_hr-e686c18ebf9841d5c01130be193c53c7{\nheight:50px;\n}\n<\/style>\n<div  class='hr av-av_hr-e686c18ebf9841d5c01130be193c53c7 hr-invisible  avia-builder-el-9  el_after_av_one_full  el_before_av_one_half '><span class='hr-inner '><span class=\"hr-inner-style\"><\/span><\/span><\/div>\n\n<style type=\"text\/css\" data-created_by=\"avia_inline_auto\" id=\"style-css-av-av_one_half-f72e7ad6b64d2d9bf1d798755ec1ce61\">\n.flex_column.av-av_one_half-f72e7ad6b64d2d9bf1d798755ec1ce61{\nborder-radius:0px 0px 0px 0px;\npadding:0px 0px 0px 0px;\n}\n<\/style>\n<div  class='flex_column av-av_one_half-f72e7ad6b64d2d9bf1d798755ec1ce61 av_one_half  avia-builder-el-10  el_after_av_hr  el_before_av_one_half  first flex_column_div av-animated-generic bottom-to-top av-zero-column-padding  '     ><style type=\"text\/css\" data-created_by=\"avia_inline_auto\" id=\"style-css-av-av_textblock-45e5de1e13c269a5c6bd3aa0654d2677\">\n#top .av_textblock_section.av-av_textblock-45e5de1e13c269a5c6bd3aa0654d2677 .avia_textblock{\nfont-size:18px;\n}\n<\/style>\n<section  class='av_textblock_section av-av_textblock-45e5de1e13c269a5c6bd3aa0654d2677 '   itemscope=\"itemscope\" itemtype=\"https:\/\/schema.org\/CreativeWork\" ><div class='avia_textblock'  itemprop=\"text\" ><p>AVS GmbH<br \/>\nAirport Center (Haus C)<br \/>\nFlughafenstrasse 52a<br \/>\nD- 22335 Hamburg<\/p>\n<p>Phone: +49 (0) 40-532 99 180<br \/>\nMail: info@argentum-vivum-solutions.com<br \/>\nWeb: www.argentum-vivum-solutions.com<\/p>\n<\/div><\/section><\/div>\n<style type=\"text\/css\" data-created_by=\"avia_inline_auto\" id=\"style-css-av-av_one_half-8e68d8f27afa3b61f52d4b37ac580f0b\">\n.flex_column.av-av_one_half-8e68d8f27afa3b61f52d4b37ac580f0b{\nborder-radius:0px 0px 0px 0px;\npadding:0px 0px 0px 0px;\n}\n<\/style>\n<div  class='flex_column av-av_one_half-8e68d8f27afa3b61f52d4b37ac580f0b av_one_half  avia-builder-el-12  el_after_av_one_half  avia-builder-el-last  flex_column_div av-animated-generic bottom-to-top av-zero-column-padding  '     ><style type=\"text\/css\" data-created_by=\"avia_inline_auto\" id=\"style-css-av-av_textblock-45e5de1e13c269a5c6bd3aa0654d2677\">\n#top .av_textblock_section.av-av_textblock-45e5de1e13c269a5c6bd3aa0654d2677 .avia_textblock{\nfont-size:18px;\n}\n<\/style>\n<section  class='av_textblock_section av-av_textblock-45e5de1e13c269a5c6bd3aa0654d2677 '   itemscope=\"itemscope\" itemtype=\"https:\/\/schema.org\/CreativeWork\" ><div class='avia_textblock'  itemprop=\"text\" ><p>Genel m\u00fcd\u00fcr Michael Franck taraf\u0131ndan temsil edilir<\/p>\n<p>Kay\u0131t: Amtsgericht Hamburg, HRB 150635<\/p>\n<p>KDV no: DE 814 947 819<\/p>\n<\/div><\/section><\/div><\/div><\/div><\/div><!-- close content main div --><\/div><\/div><div id='av_section_2'  class='avia-section av-av_section-11ed547d5d88055f027dcd60cf0811ac main_color avia-section-small avia-no-border-styling  avia-builder-el-14  el_after_av_section  avia-builder-el-last  avia-bg-style-scroll container_wrap sidebar_right'  ><div class='container av-section-cont-open' ><div class='template-page content  av-content-small alpha units'><div class='post-entry post-entry-type-page post-entry-658'><div class='entry-content-wrapper clearfix'>\n\n<style type=\"text\/css\" data-created_by=\"avia_inline_auto\" id=\"style-css-av-av_one_full-15d750bd1b332b34c6e70b077ebbccdf\">\n.flex_column.av-av_one_full-15d750bd1b332b34c6e70b077ebbccdf{\nborder-radius:0px 0px 0px 0px;\npadding:0px 0px 0px 0px;\n}\n<\/style>\n<div  class='flex_column av-av_one_full-15d750bd1b332b34c6e70b077ebbccdf av_one_full  avia-builder-el-15  el_before_av_one_full  avia-builder-el-first  first flex_column_div av-zero-column-padding  '     ><section  class='av_textblock_section av-av_textblock-2bd894dbf2e4bf2c4acf98ce4fbf94aa '   itemscope=\"itemscope\" itemtype=\"https:\/\/schema.org\/CreativeWork\" ><div class='avia_textblock'  itemprop=\"text\" ><h2>Feragatname \u2013 Yasal uyar\u0131<\/h2>\n<\/div><\/section><\/div>\n<style type=\"text\/css\" data-created_by=\"avia_inline_auto\" id=\"style-css-av-av_one_full-f72e7ad6b64d2d9bf1d798755ec1ce61\">\n.flex_column.av-av_one_full-f72e7ad6b64d2d9bf1d798755ec1ce61{\nborder-radius:0px 0px 0px 0px;\npadding:0px 0px 0px 0px;\n}\n<\/style>\n<div  class='flex_column av-av_one_full-f72e7ad6b64d2d9bf1d798755ec1ce61 av_one_full  avia-builder-el-17  el_after_av_one_full  el_before_av_hr  first flex_column_div av-animated-generic bottom-to-top av-zero-column-padding  column-top-margin'     ><p><section  class='av_textblock_section av-av_textblock-2bd894dbf2e4bf2c4acf98ce4fbf94aa '   itemscope=\"itemscope\" itemtype=\"https:\/\/schema.org\/CreativeWork\" ><div class='avia_textblock'  itemprop=\"text\" ><p><strong>1. S\u0131n\u0131rl\u0131 sorumluluk<\/strong><\/p>\n<p>Web sitesinin i\u00e7eri\u011fi azami \u00f6zenle ve vicdanen haz\u0131rlanm\u0131\u015ft\u0131r. Yine de sitenin sahibi sa\u011flanan sayfalar\u0131n ve i\u00e7eriklerinin g\u00fcncelli\u011finin, eksiksizli\u011finin ve do\u011frulu\u011funun sorumlulu\u011funu \u00fcstlenmez.<\/p>\n<p>TMG madde 7 par. 1&#8217;e g\u00f6re, bu web sitesinin sahibi hizmet sunucusu olarak kendi sundu\u011fu bilgilerden ve sa\u011flanan bilgilerden genel kanunlara g\u00f6re sorumludur; fakat TMG maddeler 8 ila 10&#8217;a g\u00f6re, aktar\u0131lan veya saklanan yabanc\u0131 bilgileri denetlemeye mecbur de\u011fildir. Hukuk ihlali haberi al\u0131nd\u0131\u011f\u0131nda bu i\u00e7erikler hemen kald\u0131r\u0131l\u0131r veya kapat\u0131l\u0131r. Ancak haber al\u0131nd\u0131ktan itibaren sorumluluk s\u00f6z konusudur.<\/p>\n<\/div><\/section><br \/>\n\n<style type=\"text\/css\" data-created_by=\"avia_inline_auto\" id=\"style-css-av-av_hr-52b99614f1db0890c6e11e182627758b\">\n#top .hr.hr-invisible.av-av_hr-52b99614f1db0890c6e11e182627758b{\nheight:20px;\n}\n<\/style>\n<div  class='hr av-av_hr-52b99614f1db0890c6e11e182627758b hr-invisible  avia-builder-el-19  el_after_av_textblock  el_before_av_textblock '><span class='hr-inner '><span class=\"hr-inner-style\"><\/span><\/span><\/div><br \/>\n<section  class='av_textblock_section av-av_textblock-2bd894dbf2e4bf2c4acf98ce4fbf94aa '   itemscope=\"itemscope\" itemtype=\"https:\/\/schema.org\/CreativeWork\" ><div class='avia_textblock'  itemprop=\"text\" ><p><strong>2. D\u0131\u015f linkler<\/strong><br \/>\nWeb sitesi &#8220;d\u0131\u015f link&#8221; denen, i\u00e7erikleri web sitesi sahibinin kontrol\u00fcn\u00fcn d\u0131\u015f\u0131nda olan ba\u015fka web sitelerine g\u00f6nderen linkler i\u00e7erir. Dolay\u0131s\u0131yla sitenin sahibi bu i\u00e7eriklerin sorumlulu\u011funu da \u00fcstlenemez.<br \/>\nSa\u011flanan bilgilerin i\u00e7eri\u011fi ve do\u011frulu\u011fundan linkin g\u00f6nderdi\u011fi her bir web sitesinin sahibi sorumludur. Link yarat\u0131ld\u0131\u011f\u0131nda hi\u00e7bir hukuk ihlali g\u00f6r\u00fclmemekteydi. B\u00f6yle bir hukuk ihlalinin haberi al\u0131n\u0131r al\u0131nmaz link kald\u0131r\u0131lacakt\u0131r.<\/p>\n<\/div><\/section><br \/>\n\n<style type=\"text\/css\" data-created_by=\"avia_inline_auto\" id=\"style-css-av-av_hr-52b99614f1db0890c6e11e182627758b\">\n#top .hr.hr-invisible.av-av_hr-52b99614f1db0890c6e11e182627758b{\nheight:20px;\n}\n<\/style>\n<div  class='hr av-av_hr-52b99614f1db0890c6e11e182627758b hr-invisible  avia-builder-el-21  el_after_av_textblock  el_before_av_textblock '><span class='hr-inner '><span class=\"hr-inner-style\"><\/span><\/span><\/div><br \/>\n<section  class='av_textblock_section av-av_textblock-2bd894dbf2e4bf2c4acf98ce4fbf94aa '   itemscope=\"itemscope\" itemtype=\"https:\/\/schema.org\/CreativeWork\" ><div class='avia_textblock'  itemprop=\"text\" ><p><strong>3. Telif hakk\u0131 ve ilgili haklar<\/strong><br \/>\nBu web sitesinde yay\u0131mlanan i\u00e7erikler, eserler ve sunulan bilgiler Alman telif hakk\u0131na ve ilgili haklara tabidir. Her t\u00fcrl\u00fc \u00e7o\u011faltma, i\u015fleme, yayma, saklama ve telif hakk\u0131n\u0131n s\u0131n\u0131rlar\u0131n\u0131n d\u0131\u015f\u0131ndaki her t\u00fcrl\u00fc yararlanma, ilgili hakk\u0131n sahibinin \u00f6nceden yaz\u0131l\u0131 onay\u0131n\u0131 gerektirir. Bu web sitelerinde sa\u011flanan bilgilerin izinsiz kopya edilmesi\/saklanmas\u0131 yasakt\u0131r ve cezaland\u0131r\u0131labilir.<\/p>\n<\/div><\/section><br \/>\n\n<style type=\"text\/css\" data-created_by=\"avia_inline_auto\" id=\"style-css-av-av_hr-52b99614f1db0890c6e11e182627758b\">\n#top .hr.hr-invisible.av-av_hr-52b99614f1db0890c6e11e182627758b{\nheight:20px;\n}\n<\/style>\n<div  class='hr av-av_hr-52b99614f1db0890c6e11e182627758b hr-invisible  avia-builder-el-23  el_after_av_textblock  el_before_av_textblock '><span class='hr-inner '><span class=\"hr-inner-style\"><\/span><\/span><\/div><br \/>\n<section  class='av_textblock_section av-av_textblock-2bd894dbf2e4bf2c4acf98ce4fbf94aa '   itemscope=\"itemscope\" itemtype=\"https:\/\/schema.org\/CreativeWork\" ><div class='avia_textblock'  itemprop=\"text\" ><p><strong>4. Veri koruma<\/strong><\/p>\n<p>Web sitesi ziyaret edilmesi sayesinde eri\u015fim hakk\u0131ndaki bilgiler (tarih, saat, a\u00e7\u0131lan sayfa) sunucuda saklanabilir. Ki\u015fisel veriler (\u00f6rne\u011fin isim, adres veya e-posta adresi) saklanmaz.<\/p>\n<p>E\u011fer ki\u015fisel veriler toplan\u0131rsa, e\u011fer m\u00fcmk\u00fcnse, sadece web sitesinin kullan\u0131c\u0131s\u0131ndan \u00f6nceden al\u0131nan izinle yap\u0131l\u0131r. Kullan\u0131c\u0131 a\u00e7\u0131k\u00e7a onay vermedik\u00e7e veriler \u00fc\u00e7\u00fcnc\u00fc \u015fah\u0131slara verilmez.<\/p>\n<p>Sitenin sahibi, \u0130nternette verilerin aktar\u0131lmas\u0131n\u0131n (\u00f6rne\u011fin e-posta ile) tam olarak g\u00fcvenli olmad\u0131\u011f\u0131n\u0131 ve verilerin \u00fc\u00e7\u00fcnc\u00fc \u015fah\u0131slar\u0131n eri\u015fiminden tamamen korunmas\u0131n\u0131n garanti edilemeyece\u011fini belirtir. Bu t\u00fcr g\u00fcvenlik a\u00e7\u0131klar\u0131ndan meydana gelen zararlar\u0131n sorumlulu\u011funu sitenin sahibi \u00fcstlenmez.<\/p>\n<p>\u0130leti\u015fim bilgilerinin \u00fc\u00e7\u00fcnc\u00fc \u015fah\u0131slar taraf\u0131ndan ticari olarak kullan\u0131lmas\u0131na a\u00e7\u0131k\u00e7a itiraz edilir, fakat e\u011fer sitenin sahibi \u00f6nceden yaz\u0131l\u0131 olarak onay verdiyse, bu ge\u00e7erli de\u011fildir.<br \/>\nSitenin sahibi istenmeden g\u00f6nderilen reklamlar, \u00f6rne\u011fin spam mesajlar\u0131, durumunda hukuki ad\u0131mlar atma hakk\u0131na sahiptir.<\/p>\n<\/div><\/section><br \/>\n\n<style type=\"text\/css\" data-created_by=\"avia_inline_auto\" id=\"style-css-av-av_hr-52b99614f1db0890c6e11e182627758b\">\n#top .hr.hr-invisible.av-av_hr-52b99614f1db0890c6e11e182627758b{\nheight:20px;\n}\n<\/style>\n<div  class='hr av-av_hr-52b99614f1db0890c6e11e182627758b hr-invisible  avia-builder-el-25  el_after_av_textblock  el_before_av_textblock '><span class='hr-inner '><span class=\"hr-inner-style\"><\/span><\/span><\/div><br \/>\n<section  class='av_textblock_section av-av_textblock-2bd894dbf2e4bf2c4acf98ce4fbf94aa '   itemscope=\"itemscope\" itemtype=\"https:\/\/schema.org\/CreativeWork\" ><div class='avia_textblock'  itemprop=\"text\" ><p><strong>Resimler i\u00e7in kaynaklar<\/strong><br \/>\n\u00a9 Marco2811 \u2013 stock.adobe.com<br \/>\n\u00a9 elxeneize \u2013 stock.adobe.com<br \/>\n\u00a9 assetseller \u2013 stock.adobe.com<br \/>\n\u00a9 slasnyi \u2013 stock.adobe.com<br \/>\n\u00a9 concept w \u2013 stock.adobe.com<br \/>\n\u00a9 AlexeyVS \u2013 iStock.com<\/p>\n<\/div><\/section><\/p><\/div>\n<style type=\"text\/css\" data-created_by=\"avia_inline_auto\" id=\"style-css-av-av_hr-324fae82e6423949a74e0a56a9742789\">\n#top .hr.hr-invisible.av-av_hr-324fae82e6423949a74e0a56a9742789{\nheight:100px;\n}\n<\/style>\n<div  class='hr av-av_hr-324fae82e6423949a74e0a56a9742789 hr-invisible  avia-builder-el-27  el_after_av_one_full  avia-builder-el-last '><span class='hr-inner '><span class=\"hr-inner-style\"><\/span><\/span><\/div>\n<\/div><\/div><\/div><!-- close content main div --><\/div><\/div><div id='after_section_2'  class='main_color av_default_container_wrap container_wrap sidebar_right'  ><div class='container av-section-cont-open' ><div class='template-page content  av-content-small alpha units'><div class='post-entry post-entry-type-page post-entry-658'><div class='entry-content-wrapper clearfix'><\/p>\n","protected":false},"excerpt":{"rendered":"","protected":false},"author":1,"featured_media":0,"parent":0,"menu_order":80,"comment_status":"closed","ping_status":"closed","template":"","meta":{"footnotes":""},"class_list":["post-658","page","type-page","status-publish","hentry"],"_links":{"self":[{"href":"https:\/\/argentum-vivum-solutions.com\/tr\/wp-json\/wp\/v2\/pages\/658","targetHints":{"allow":["GET"]}}],"collection":[{"href":"https:\/\/argentum-vivum-solutions.com\/tr\/wp-json\/wp\/v2\/pages"}],"about":[{"href":"https:\/\/argentum-vivum-solutions.com\/tr\/wp-json\/wp\/v2\/types\/page"}],"author":[{"embeddable":true,"href":"https:\/\/argentum-vivum-solutions.com\/tr\/wp-json\/wp\/v2\/users\/1"}],"replies":[{"embeddable":true,"href":"https:\/\/argentum-vivum-solutions.com\/tr\/wp-json\/wp\/v2\/comments?post=658"}],"version-history":[{"count":3,"href":"https:\/\/argentum-vivum-solutions.com\/tr\/wp-json\/wp\/v2\/pages\/658\/revisions"}],"predecessor-version":[{"id":817,"href":"https:\/\/argentum-vivum-solutions.com\/tr\/wp-json\/wp\/v2\/pages\/658\/revisions\/817"}],"wp:attachment":[{"href":"https:\/\/argentum-vivum-solutions.com\/tr\/wp-json\/wp\/v2\/media?parent=658"}],"curies":[{"name":"wp","href":"https:\/\/api.w.org\/{rel}","templated":true}]}}